{"id":753,"date":"2025-01-15T21:12:51","date_gmt":"2025-01-15T20:12:51","guid":{"rendered":"https:\/\/kartingelectricsalou.com\/producto\/karting-electrique-entree-salou\/"},"modified":"2025-04-30T13:12:11","modified_gmt":"2025-04-30T11:12:11","slug":"karting-electrique-entree-salou","status":"publish","type":"product","link":"https:\/\/kartingelectricsalou.com\/fr\/producto\/karting-electrique-entree-salou\/","title":{"rendered":"Vente de billets"},"content":{"rendered":"<p class=\"padbot10\">Nous sommes le <strong>premier karting \u00e9lectrique <\/strong>en plein air en Espagne. Profitez du monde de la course avec une exp\u00e9rience inoubliable, \u00e0 la recherche d&rsquo;un maximum d&rsquo;adr\u00e9naline.   <strong>Les karts 100% \u00e9cologiques.<\/strong><\/p>\n<p class=\"padbot10\">Une puissance instantan\u00e9e !<\/p>\n<p class=\"padbot10\">Toutes les courses pour adultes sont chronom\u00e9tr\u00e9es. Vous remettez toujours votre feuille de temps pour v\u00e9rifier votre meilleur tour. Les installations disposent \u00e9galement d&rsquo;un bar-caf\u00e9t\u00e9ria, de grandes terrasses, d&rsquo;une zone de loisirs et organisent toutes sortes d&rsquo;\u00e9v\u00e9nements.  <\/p>\n<p class=\"padbot10\">Parking gratuit. Amusement garanti pour tout le monde.   <strong>Ressentez la vitesse !<\/strong><\/p>\n<p><span class=\"bold\">Taille minimale :<\/span> 145 cm pour les karts adultes et 120 cm pour les karts juniors.<\/p>\n<h2 class=\"detail-info-box__title\">Informations importantes<\/h2>\n<ul>\n<li>Casque et housse de casque inclus dans le prix.<\/li>\n<li>La taille minimale d&rsquo;un groupe pour un GrandPrix avec exclusivit\u00e9 de piste est de 10 personnes.<\/li>\n<li>Si vous ne vous pr\u00e9sentez pas, vous perdrez votre r\u00e9servation.<\/li>\n<li>Une fois votre r\u00e9servation effectu\u00e9e, pensez \u00e0 prendre rendez-vous suffisamment \u00e0 l&rsquo;avance, en fonction des disponibilit\u00e9s du centre.<\/li>\n<li>Si vous ne pouvez pas participer, quelqu&rsquo;un d&rsquo;autre peut b\u00e9n\u00e9ficier de votre bon en changeant de participant.<\/li>\n<\/ul>\n","protected":false},"excerpt":{"rendered":"<p>Nous sommes le premier karting \u00e9lectrique en plein air en Espagne. Profitez du monde de la course avec une exp\u00e9rience inoubliable, \u00e0 la recherche d&rsquo;un maximum d&rsquo;adr\u00e9naline. Les karts 100% \u00e9cologiques. Une puissance instantan\u00e9e ! Toutes les courses pour adultes sont chronom\u00e9tr\u00e9es. Vous remettez toujours votre feuille de temps pour v\u00e9rifier votre meilleur tour. Les&#8230;<\/p>\n","protected":false},"featured_media":617,"template":"","meta":{"_kad_post_transparent":"","_kad_post_title":"","_kad_post_layout":"","_kad_post_sidebar_id":"","_kad_post_content_style":"","_kad_post_vertical_padding":"","_kad_post_feature":"","_kad_post_feature_position":"","_kad_post_header":false,"_kad_post_footer":false,"_kad_post_classname":""},"product_brand":[],"product_cat":[44],"product_tag":[],"class_list":{"0":"post-753","1":"product","2":"type-product","3":"status-publish","4":"has-post-thumbnail","6":"product_cat-entree","8":"first","9":"instock","10":"featured","11":"taxable","12":"shipping-taxable","13":"purchasable","14":"product-type-variable","15":"entry","16":"content-bg","17":"loop-entry"},"_links":{"self":[{"href":"https:\/\/kartingelectricsalou.com\/fr\/wp-json\/wp\/v2\/product\/753","targetHints":{"allow":["GET"]}}],"collection":[{"href":"https:\/\/kartingelectricsalou.com\/fr\/wp-json\/wp\/v2\/product"}],"about":[{"href":"https:\/\/kartingelectricsalou.com\/fr\/wp-json\/wp\/v2\/types\/product"}],"wp:featuredmedia":[{"embeddable":true,"href":"https:\/\/kartingelectricsalou.com\/fr\/wp-json\/wp\/v2\/media\/617"}],"wp:attachment":[{"href":"https:\/\/kartingelectricsalou.com\/fr\/wp-json\/wp\/v2\/media?parent=753"}],"wp:term":[{"taxonomy":"product_brand","embeddable":true,"href":"https:\/\/kartingelectricsalou.com\/fr\/wp-json\/wp\/v2\/product_brand?post=753"},{"taxonomy":"product_cat","embeddable":true,"href":"https:\/\/kartingelectricsalou.com\/fr\/wp-json\/wp\/v2\/product_cat?post=753"},{"taxonomy":"product_tag","embeddable":true,"href":"https:\/\/kartingelectricsalou.com\/fr\/wp-json\/wp\/v2\/product_tag?post=753"}],"curies":[{"name":"wp","href":"https:\/\/api.w.org\/{rel}","templated":true}]}}