{"id":1556,"date":"2025-03-13T11:03:21","date_gmt":"2025-03-13T10:03:21","guid":{"rendered":"https:\/\/kartingelectricsalou.com\/producto\/grand-prix\/"},"modified":"2026-01-24T15:47:50","modified_gmt":"2026-01-24T14:47:50","slug":"grand-prix","status":"publish","type":"product","link":"https:\/\/kartingelectricsalou.com\/fr\/producto\/grand-prix\/","title":{"rendered":"GRAND PRIX"},"content":{"rendered":"<p>\n<\/p>\r\n<div class=\"wp-block-cover alignfull\"><img loading=\"lazy\" decoding=\"async\" width=\"1200\" height=\"600\" class=\"wp-block-cover__image-background wp-image-124\" src=\"https:\/\/kartingelectricsalou.com\/wp-content\/uploads\/2025\/01\/fondonegro.png\" alt=\"\" data-object-fit=\"cover\" srcset=\"https:\/\/kartingelectricsalou.com\/wp-content\/uploads\/2025\/01\/fondonegro.png 1200w, https:\/\/kartingelectricsalou.com\/wp-content\/uploads\/2025\/01\/fondonegro-600x300.png 600w, https:\/\/kartingelectricsalou.com\/wp-content\/uploads\/2025\/01\/fondonegro-300x150.png 300w, https:\/\/kartingelectricsalou.com\/wp-content\/uploads\/2025\/01\/fondonegro-1024x512.png 1024w, https:\/\/kartingelectricsalou.com\/wp-content\/uploads\/2025\/01\/fondonegro-768x384.png 768w, https:\/\/kartingelectricsalou.com\/wp-content\/uploads\/2025\/01\/fondonegro-500x250.png 500w, https:\/\/kartingelectricsalou.com\/wp-content\/uploads\/2025\/01\/fondonegro-800x400.png 800w\" sizes=\"auto, (max-width: 1200px) 100vw, 1200px\" \/>\r\n<div class=\"wp-block-cover__inner-container is-layout-constrained wp-container-core-cover-is-layout-f1253992 wp-block-cover-is-layout-constrained\">\r\n<div class=\"wp-block-columns is-layout-flex wp-container-core-columns-is-layout-9d6595d7 wp-block-columns-is-layout-flex\">\r\n<div class=\"wp-block-column centrado has-background is-layout-flow wp-block-column-is-layout-flow\">&#13;\n<h2 class=\"wp-block-heading has-text-align-center has-theme-palette-1-color has-theme-palette-3-background-color has-text-color has-background has-link-color has-large-font-size wp-elements-ec728e331bdc485a5d7c51cc76b64bff\">GRAND PRIX <strong>RAPIDE<\/strong> <\/h2>&#13;\n\r\n\r\n\r\n<div class=\"wp-block-spacer\" aria-hidden=\"true\">\u00a0<\/div>\r\n\r\n\r\n\r\n<div class=\"wp-block-group has-theme-palette-9-color has-text-color has-link-color wp-elements-2c5ebe79b564e48a7a987dda8cdedf18 is-vertical is-content-justification-center is-layout-flex wp-container-core-group-is-layout-8a498361 wp-block-group-is-layout-flex\">&#13;\n<p class=\"has-text-align-center has-theme-palette-9-color has-text-color has-link-color wp-elements-ab60b950307c54df8f5c32a9d8e26b1b\"><em>BRIEFING SUR LES R\u00c8GLES DE COURSE<\/em><\/p>&#13;\n\r\n\r\n&#13;\n<p class=\"has-text-align-center\"><em>QUALIFICATION EN 5 MINUTES<\/em><\/p>&#13;\n\r\n\r\n&#13;\n<p class=\"has-text-align-center\"><em>COURSE DE 8 MINUTES<\/em><\/p>&#13;\n<\/div>\r\n\r\n\r\n\r\n<div class=\"wp-block-columns is-layout-flex wp-container-core-columns-is-layout-9d6595d7 wp-block-columns-is-layout-flex\">\r\n<div class=\"wp-block-column is-layout-flow wp-block-column-is-layout-flow\">&#13;\n<p class=\"has-text-align-center has-theme-palette-9-color has-text-color has-link-color has-medium-font-size wp-elements-af7e38807e647c948ed8967970f2f6f6\"><strong>V2<\/strong> \/ prix par pilote<\/p>&#13;\n\r\n\r\n&#13;\n<p class=\"has-text-align-center PRECIOS has-theme-palette-3-color has-theme-palette-1-background-color has-text-color has-background has-link-color has-small-font-size wp-elements-b07851d028333e78019a2556fa46675f\"><strong>35\u20ac<\/strong><\/p>&#13;\n<\/div>\r\n\r\n\r\n\r\n<div class=\"wp-block-column is-layout-flow wp-block-column-is-layout-flow\">&#13;\n<p class=\"has-text-align-center has-theme-palette-9-color has-text-color has-link-color has-medium-font-size wp-elements-2e58c0a0d064047622a61d3c28446c41\"><strong>V3<\/strong> \/ prix par pilote<\/p>&#13;\n\r\n\r\n&#13;\n<p class=\"has-text-align-center PRECIOS has-theme-palette-3-color has-theme-palette-1-background-color has-text-color has-background has-link-color has-small-font-size wp-elements-d3a85607dc880a001c95982513afd365\"><strong>40\u20ac<\/strong><\/p>&#13;\n<\/div>\r\n<\/div>\r\n\r\n\r\n\r\n<div class=\"wp-block-group is-vertical is-content-justification-center is-layout-flex wp-container-core-group-is-layout-4b2eccd6 wp-block-group-is-layout-flex\">&#13;\n<p class=\"has-text-align-center has-medium-font-size\"><strong>5 PILOTES AU MINIMUM<\/strong><\/p>&#13;\n\r\n\r\n&#13;\n<p class=\"has-text-align-center has-small-font-size\"><em>PAS D&rsquo;EXCLUSIVIT\u00c9 POUR LES D\u00c9FIL\u00c9S<\/em><\/p>&#13;\n<\/div>\r\n<\/div>\r\n\r\n\r\n\r\n<div class=\"wp-block-column centrado has-background is-layout-flow wp-block-column-is-layout-flow\">&#13;\n<h2 class=\"wp-block-heading has-text-align-center has-theme-palette-9-color has-theme-palette-6-background-color has-text-color has-background has-link-color has-large-font-size wp-elements-bad26b70a63535b2174b59b56a794c7e\"><strong>MINI<\/strong> GRAND PRIX<\/h2>&#13;\n\r\n\r\n\r\n<div class=\"wp-block-spacer\" aria-hidden=\"true\">\u00a0<\/div>\r\n\r\n\r\n\r\n<div class=\"wp-block-group has-theme-palette-9-color has-text-color has-link-color wp-elements-2c5ebe79b564e48a7a987dda8cdedf18 is-vertical is-content-justification-center is-layout-flex wp-container-core-group-is-layout-8a498361 wp-block-group-is-layout-flex\">&#13;\n<p class=\"has-text-align-center has-theme-palette-9-color has-text-color has-link-color wp-elements-ab60b950307c54df8f5c32a9d8e26b1b\"><em>BRIEFING SUR LES R\u00c8GLES DE COURSE<\/em><\/p>&#13;\n\r\n\r\n&#13;\n<p class=\"has-text-align-center\"><em>QUALIFICATION EN 5 MINUTES<\/em><\/p>&#13;\n\r\n\r\n&#13;\n<p class=\"has-text-align-center\"><em>COURSE DE 8 MINUTES<\/em><\/p>&#13;\n<\/div>\r\n\r\n\r\n\r\n<div class=\"wp-block-columns is-layout-flex wp-container-core-columns-is-layout-9d6595d7 wp-block-columns-is-layout-flex\">\r\n<div class=\"wp-block-column is-layout-flow wp-block-column-is-layout-flow\">&#13;\n<p class=\"has-text-align-center has-theme-palette-9-color has-text-color has-link-color has-medium-font-size wp-elements-af7e38807e647c948ed8967970f2f6f6\"><strong>V2<\/strong> \/ prix par pilote<\/p>&#13;\n\r\n\r\n&#13;\n<p class=\"has-text-align-center PRECIOS has-theme-palette-3-color has-theme-palette-1-background-color has-text-color has-background has-link-color has-small-font-size wp-elements-cd34f0d06068c82d2d30749cdcec94dc\"><strong>39\u20ac<\/strong><\/p>&#13;\n<\/div>\r\n\r\n\r\n\r\n<div class=\"wp-block-column is-layout-flow wp-block-column-is-layout-flow\">&#13;\n<p class=\"has-text-align-center has-theme-palette-9-color has-text-color has-link-color has-medium-font-size wp-elements-2e58c0a0d064047622a61d3c28446c41\"><strong>V3<\/strong> \/ prix par pilote<\/p>&#13;\n\r\n\r\n&#13;\n<p class=\"has-text-align-center PRECIOS has-theme-palette-3-color has-theme-palette-1-background-color has-text-color has-background has-link-color has-small-font-size wp-elements-4296123f7fd7c191de481c82f22516b6\"><strong>54\u20ac<\/strong><\/p>&#13;\n<\/div>\r\n<\/div>\r\n\r\n\r\n\r\n<div class=\"wp-block-group is-vertical is-content-justification-center is-layout-flex wp-container-core-group-is-layout-4b2eccd6 wp-block-group-is-layout-flex\">&#13;\n<p class=\"has-text-align-center has-medium-font-size\"><strong>10 PILOTES AU MINIMUM<\/strong><\/p>&#13;\n\r\n\r\n&#13;\n<p class=\"has-text-align-center has-small-font-size\"><em>EXCLUSIVIT\u00c9 DES D\u00c9FIL\u00c9S<\/em><\/p>&#13;\n<\/div>\r\n<\/div>\r\n\r\n\r\n\r\n<div class=\"wp-block-column centrado has-background is-layout-flow wp-block-column-is-layout-flow\">&#13;\n<h2 class=\"wp-block-heading has-text-align-center has-theme-palette-3-color has-theme-palette-9-background-color has-text-color has-background has-link-color has-large-font-size wp-elements-e034151ac2e82952d3591897a5d2f483\">GRAND PRIX <strong>CLASSIQUE<\/strong> <\/h2>&#13;\n\r\n\r\n\r\n<div class=\"wp-block-spacer\" aria-hidden=\"true\">\u00a0<\/div>\r\n\r\n\r\n\r\n<div class=\"wp-block-group has-theme-palette-9-color has-text-color has-link-color wp-elements-55a6b3b5e1e4f37054112594d9e6c6cb is-vertical is-content-justification-center is-layout-flex wp-container-core-group-is-layout-8a498361 wp-block-group-is-layout-flex\">&#13;\n<p class=\"has-text-align-center has-theme-palette-9-color has-text-color has-link-color wp-elements-ab60b950307c54df8f5c32a9d8e26b1b\"><em>BRIEFING SUR LES R\u00c8GLES DE COURSE<\/em><\/p>&#13;\n\r\n\r\n&#13;\n<p><em>8 MINUTES GRATUITES<\/em><\/p>&#13;\n\r\n\r\n&#13;\n<p class=\"has-text-align-center\"><em>TEMPS DE QUALIFICATION DE 8 MINUTES<\/em><\/p>&#13;\n\r\n\r\n&#13;\n<p class=\"has-text-align-center\"><em>COURSE DE 8 MINUTES<\/em><\/p>&#13;\n<\/div>\r\n\r\n\r\n\r\n<div class=\"wp-block-columns is-layout-flex wp-container-core-columns-is-layout-9d6595d7 wp-block-columns-is-layout-flex\">\r\n<div class=\"wp-block-column is-layout-flow wp-block-column-is-layout-flow\">&#13;\n<p class=\"has-text-align-center has-theme-palette-9-color has-text-color has-link-color has-medium-font-size wp-elements-af7e38807e647c948ed8967970f2f6f6\"><strong>V2<\/strong> \/ prix par pilote<\/p>&#13;\n\r\n\r\n&#13;\n<p class=\"has-text-align-center PRECIOS has-theme-palette-3-color has-theme-palette-1-background-color has-text-color has-background has-link-color has-small-font-size wp-elements-917c2c7f3b9198a75234ee794cdea3ca\"><strong>57\u20ac<\/strong><\/p>&#13;\n<\/div>\r\n\r\n\r\n\r\n<div class=\"wp-block-column is-layout-flow wp-block-column-is-layout-flow\">&#13;\n<p class=\"has-text-align-center has-theme-palette-9-color has-text-color has-link-color has-medium-font-size wp-elements-2e58c0a0d064047622a61d3c28446c41\"><strong>V3<\/strong> \/ prix par pilote<\/p>&#13;\n\r\n\r\n&#13;\n<p class=\"has-text-align-center PRECIOS has-theme-palette-3-color has-theme-palette-1-background-color has-text-color has-background has-link-color has-small-font-size wp-elements-fb0732a418cd0b69e5ec6d746a86b668\"><strong>76\u20ac<\/strong><\/p>&#13;\n<\/div>\r\n<\/div>\r\n\r\n\r\n\r\n<div class=\"wp-block-group is-vertical is-content-justification-center is-layout-flex wp-container-core-group-is-layout-4b2eccd6 wp-block-group-is-layout-flex\">&#13;\n<p class=\"has-text-align-center has-medium-font-size\"><strong>10 PILOTES AU MINIMUM<\/strong><\/p>&#13;\n\r\n\r\n&#13;\n<p class=\"has-text-align-center has-small-font-size\"><em>EXCLUSIVIT\u00c9 DES D\u00c9FIL\u00c9S<\/em><\/p>&#13;\n<\/div>\r\n<\/div>\r\n\r\n\r\n\r\n<div class=\"wp-block-column centrado has-background is-layout-flow wp-block-column-is-layout-flow\">&#13;\n<h2 class=\"wp-block-heading has-text-align-center has-theme-palette-4-color has-theme-palette-1-background-color has-text-color has-background has-link-color has-large-font-size wp-elements-26b9fa0e60cd445d2673721b1303127b\"><strong>SUPER<\/strong> GRAND PRIX<\/h2>&#13;\n\r\n\r\n\r\n<div class=\"wp-block-spacer\" aria-hidden=\"true\">\u00a0<\/div>\r\n\r\n\r\n\r\n<div class=\"wp-block-group has-theme-palette-9-color has-text-color has-link-color wp-elements-789476a632ae7388f3e68fd3d3ae282f is-vertical is-content-justification-center is-layout-flex wp-container-core-group-is-layout-8a498361 wp-block-group-is-layout-flex\">&#13;\n<p class=\"has-text-align-center has-theme-palette-9-color has-text-color has-link-color wp-elements-ab60b950307c54df8f5c32a9d8e26b1b\"><em>BRIEFING SUR LES R\u00c8GLES DE COURSE<\/em><\/p>&#13;\n\r\n\r\n&#13;\n<p><em>8 MINUTES GRATUITES<\/em><\/p>&#13;\n\r\n\r\n&#13;\n<p class=\"has-text-align-center\"><em>TEMPS DE QUALIFICATION DE 8 MINUTES<\/em><\/p>&#13;\n\r\n\r\n&#13;\n<p><em>APER\u00c7U DE 8 MINUTES<\/em><\/p>&#13;\n\r\n\r\n&#13;\n<p class=\"has-text-align-center\"><em>GRANDE FINALE DE 8 MINUTES<\/em><\/p>&#13;\n<\/div>\r\n\r\n\r\n\r\n<div class=\"wp-block-columns is-layout-flex wp-container-core-columns-is-layout-9d6595d7 wp-block-columns-is-layout-flex\">\r\n<div class=\"wp-block-column is-layout-flow wp-block-column-is-layout-flow\">&#13;\n<p class=\"has-text-align-center has-theme-palette-9-color has-text-color has-link-color has-medium-font-size wp-elements-af7e38807e647c948ed8967970f2f6f6\"><strong>V2<\/strong> \/ prix par pilote<\/p>&#13;\n\r\n\r\n&#13;\n<p class=\"has-text-align-center PRECIOS has-theme-palette-3-color has-theme-palette-1-background-color has-text-color has-background has-link-color has-small-font-size wp-elements-8322772fdb06b8e5c1f8013a11c5bab1\"><strong>80\u20ac<\/strong><\/p>&#13;\n<\/div>\r\n\r\n\r\n\r\n<div class=\"wp-block-column is-layout-flow wp-block-column-is-layout-flow\">&#13;\n<p class=\"has-text-align-center has-theme-palette-9-color has-text-color has-link-color has-medium-font-size wp-elements-2e58c0a0d064047622a61d3c28446c41\"><strong>V3<\/strong> \/ prix par pilote<\/p>&#13;\n\r\n\r\n&#13;\n<p class=\"has-text-align-center PRECIOS has-theme-palette-3-color has-theme-palette-1-background-color has-text-color has-background has-link-color has-small-font-size wp-elements-16ffd9c66c19cfec8673495a732d3627\"><strong>99\u20ac<\/strong><\/p>&#13;\n<\/div>\r\n<\/div>\r\n\r\n\r\n\r\n<div class=\"wp-block-group is-vertical is-content-justification-center is-layout-flex wp-container-core-group-is-layout-4b2eccd6 wp-block-group-is-layout-flex\">&#13;\n<p class=\"has-text-align-center has-medium-font-size\"><strong>10 PILOTES AU MINIMUM<\/strong><\/p>&#13;\n\r\n\r\n&#13;\n<p class=\"has-text-align-center has-small-font-size wp-container-content-9cfa9a5a\"><em>EXCLUSIVIT\u00c9 DES D\u00c9FIL\u00c9S<\/em><\/p>&#13;\n<\/div>\r\n<\/div>\r\n<\/div>\r\n<\/div>\r\n<\/div>\r\n<p><\/p>\n","protected":false},"excerpt":{"rendered":"","protected":false},"featured_media":602,"template":"","meta":{"_kad_post_transparent":"default","_kad_post_title":"","_kad_post_layout":"default","_kad_post_sidebar_id":"","_kad_post_content_style":"default","_kad_post_vertical_padding":"default","_kad_post_feature":"","_kad_post_feature_position":"","_kad_post_header":false,"_kad_post_footer":false,"_kad_post_classname":""},"product_brand":[],"product_cat":[53],"product_tag":[],"class_list":{"0":"post-1556","1":"product","2":"type-product","3":"status-publish","4":"has-post-thumbnail","6":"product_cat-grand-prix-fr","8":"first","9":"instock","10":"taxable","11":"shipping-taxable","12":"purchasable","13":"product-type-variable","14":"entry","15":"content-bg","16":"loop-entry"},"_links":{"self":[{"href":"https:\/\/kartingelectricsalou.com\/fr\/wp-json\/wp\/v2\/product\/1556","targetHints":{"allow":["GET"]}}],"collection":[{"href":"https:\/\/kartingelectricsalou.com\/fr\/wp-json\/wp\/v2\/product"}],"about":[{"href":"https:\/\/kartingelectricsalou.com\/fr\/wp-json\/wp\/v2\/types\/product"}],"wp:featuredmedia":[{"embeddable":true,"href":"https:\/\/kartingelectricsalou.com\/fr\/wp-json\/wp\/v2\/media\/602"}],"wp:attachment":[{"href":"https:\/\/kartingelectricsalou.com\/fr\/wp-json\/wp\/v2\/media?parent=1556"}],"wp:term":[{"taxonomy":"product_brand","embeddable":true,"href":"https:\/\/kartingelectricsalou.com\/fr\/wp-json\/wp\/v2\/product_brand?post=1556"},{"taxonomy":"product_cat","embeddable":true,"href":"https:\/\/kartingelectricsalou.com\/fr\/wp-json\/wp\/v2\/product_cat?post=1556"},{"taxonomy":"product_tag","embeddable":true,"href":"https:\/\/kartingelectricsalou.com\/fr\/wp-json\/wp\/v2\/product_tag?post=1556"}],"curies":[{"name":"wp","href":"https:\/\/api.w.org\/{rel}","templated":true}]}}