{"id":1431,"date":"2025-03-13T09:33:57","date_gmt":"2025-03-13T08:33:57","guid":{"rendered":"https:\/\/kartingelectricsalou.com\/producto\/reservations-de-groupe\/"},"modified":"2025-06-01T11:04:21","modified_gmt":"2025-06-01T09:04:21","slug":"reservations-de-groupe","status":"publish","type":"product","link":"https:\/\/kartingelectricsalou.com\/fr\/producto\/reservations-de-groupe\/","title":{"rendered":"R\u00e9servations de groupe"},"content":{"rendered":"","protected":false},"excerpt":{"rendered":"<p>R\u00e9servez votre date et votre heure pour le GrandPrix<br \/>\n(Montant \u00e0 d\u00e9duire du total une fois l&rsquo;achat formalis\u00e9 \u00e0 la billetterie).<\/p>\n","protected":false},"featured_media":1290,"template":"","meta":{"_kad_post_transparent":"","_kad_post_title":"","_kad_post_layout":"","_kad_post_sidebar_id":"","_kad_post_content_style":"","_kad_post_vertical_padding":"","_kad_post_feature":"","_kad_post_feature_position":"","_kad_post_header":false,"_kad_post_footer":false,"_kad_post_classname":""},"product_brand":[],"product_cat":[51],"product_tag":[],"class_list":{"0":"post-1431","1":"product","2":"type-product","3":"status-publish","4":"has-post-thumbnail","6":"product_cat-reservations-fr","7":"wcpa_has_options","9":"first","10":"instock","11":"taxable","12":"shipping-taxable","13":"purchasable","14":"product-type-simple","15":"entry","16":"content-bg","17":"loop-entry"},"_links":{"self":[{"href":"https:\/\/kartingelectricsalou.com\/fr\/wp-json\/wp\/v2\/product\/1431","targetHints":{"allow":["GET"]}}],"collection":[{"href":"https:\/\/kartingelectricsalou.com\/fr\/wp-json\/wp\/v2\/product"}],"about":[{"href":"https:\/\/kartingelectricsalou.com\/fr\/wp-json\/wp\/v2\/types\/product"}],"wp:featuredmedia":[{"embeddable":true,"href":"https:\/\/kartingelectricsalou.com\/fr\/wp-json\/wp\/v2\/media\/1290"}],"wp:attachment":[{"href":"https:\/\/kartingelectricsalou.com\/fr\/wp-json\/wp\/v2\/media?parent=1431"}],"wp:term":[{"taxonomy":"product_brand","embeddable":true,"href":"https:\/\/kartingelectricsalou.com\/fr\/wp-json\/wp\/v2\/product_brand?post=1431"},{"taxonomy":"product_cat","embeddable":true,"href":"https:\/\/kartingelectricsalou.com\/fr\/wp-json\/wp\/v2\/product_cat?post=1431"},{"taxonomy":"product_tag","embeddable":true,"href":"https:\/\/kartingelectricsalou.com\/fr\/wp-json\/wp\/v2\/product_tag?post=1431"}],"curies":[{"name":"wp","href":"https:\/\/api.w.org\/{rel}","templated":true}]}}