{"id":809,"date":"2025-01-15T21:10:47","date_gmt":"2025-01-15T20:10:47","guid":{"rendered":"https:\/\/kartingelectricsalou.com\/?page_id=809"},"modified":"2025-08-23T13:13:30","modified_gmt":"2025-08-23T11:13:30","slug":"evenements","status":"publish","type":"page","link":"https:\/\/kartingelectricsalou.com\/fr\/evenements\/","title":{"rendered":"\u00c9V\u00c9NEMENTS"},"content":{"rendered":"\n<div class=\"wp-block-cover alignfull is-light\" style=\"min-height:190px;aspect-ratio:unset;\"><video class=\"wp-block-cover__video-background intrinsic-ignore\" autoplay muted loop playsinline src=\"https:\/\/kartingelectricsalou.com\/wp-content\/uploads\/2025\/06\/WhatsApp-Video-2025-06-06-at-10.01.30-1-1.mp4\" data-object-fit=\"cover\"><\/video><span aria-hidden=\"true\" class=\"wp-block-cover__background has-background-dim-0 has-background-dim\" style=\"background-color:#FFF\"><\/span><div class=\"wp-block-cover__inner-container is-layout-constrained wp-block-cover-is-layout-constrained\">\n<p class=\"has-text-align-center has-large-font-size\"><\/p>\n<\/div><\/div>\n\n<div class=\"wp-block-cover alignfull actividades\" style=\"margin-top:0;margin-bottom:0;padding-top:0;padding-right:0;padding-bottom:0;padding-left:0;min-height:430px;aspect-ratio:unset;\"><img loading=\"lazy\" decoding=\"async\" width=\"1200\" height=\"600\" class=\"wp-block-cover__image-background wp-image-72\" alt=\"\" src=\"https:\/\/kartingelectricsalou.com\/wp-content\/uploads\/2025\/01\/fondo.png\" data-object-fit=\"cover\" srcset=\"https:\/\/kartingelectricsalou.com\/wp-content\/uploads\/2025\/01\/fondo.png 1200w, https:\/\/kartingelectricsalou.com\/wp-content\/uploads\/2025\/01\/fondo-600x300.png 600w, https:\/\/kartingelectricsalou.com\/wp-content\/uploads\/2025\/01\/fondo-300x150.png 300w, https:\/\/kartingelectricsalou.com\/wp-content\/uploads\/2025\/01\/fondo-1024x512.png 1024w, https:\/\/kartingelectricsalou.com\/wp-content\/uploads\/2025\/01\/fondo-768x384.png 768w, https:\/\/kartingelectricsalou.com\/wp-content\/uploads\/2025\/01\/fondo-500x250.png 500w, https:\/\/kartingelectricsalou.com\/wp-content\/uploads\/2025\/01\/fondo-800x400.png 800w\" sizes=\"auto, (max-width: 1200px) 100vw, 1200px\" \/><span aria-hidden=\"true\" class=\"wp-block-cover__background has-theme-palette-9-background-color has-background-dim-70 has-background-dim\"><\/span><div class=\"wp-block-cover__inner-container is-layout-constrained wp-container-core-cover-is-layout-a6eb882d wp-block-cover-is-layout-constrained\">\n<div class=\"wp-block-cover alignfull\" style=\"margin-top:0;margin-bottom:0;padding-top:0;padding-bottom:0\"><img loading=\"lazy\" decoding=\"async\" width=\"1200\" height=\"600\" class=\"wp-block-cover__image-background wp-image-124\" alt=\"\" src=\"https:\/\/kartingelectricsalou.com\/wp-content\/uploads\/2025\/01\/fondonegro.png\" data-object-fit=\"cover\" srcset=\"https:\/\/kartingelectricsalou.com\/wp-content\/uploads\/2025\/01\/fondonegro.png 1200w, https:\/\/kartingelectricsalou.com\/wp-content\/uploads\/2025\/01\/fondonegro-600x300.png 600w, https:\/\/kartingelectricsalou.com\/wp-content\/uploads\/2025\/01\/fondonegro-300x150.png 300w, https:\/\/kartingelectricsalou.com\/wp-content\/uploads\/2025\/01\/fondonegro-1024x512.png 1024w, https:\/\/kartingelectricsalou.com\/wp-content\/uploads\/2025\/01\/fondonegro-768x384.png 768w, https:\/\/kartingelectricsalou.com\/wp-content\/uploads\/2025\/01\/fondonegro-500x250.png 500w, https:\/\/kartingelectricsalou.com\/wp-content\/uploads\/2025\/01\/fondonegro-800x400.png 800w\" sizes=\"auto, (max-width: 1200px) 100vw, 1200px\" \/><span aria-hidden=\"true\" class=\"wp-block-cover__background has-theme-palette-3-background-color has-background-dim-100 has-background-dim\"><\/span><div class=\"wp-block-cover__inner-container is-layout-constrained wp-block-cover-is-layout-constrained\">\n<div class=\"wp-block-columns alignfull are-vertically-aligned-center is-layout-flex wp-container-core-columns-is-layout-62db62f3 wp-block-columns-is-layout-flex\" style=\"padding-top:0;padding-bottom:0\">\n<div class=\"wp-block-column is-vertically-aligned-center is-layout-flow wp-block-column-is-layout-flow\" style=\"padding-top:0;padding-right:0;padding-bottom:0;padding-left:0;flex-basis:40%\">\n<figure class=\"wp-block-image size-large has-custom-border\"><img loading=\"lazy\" decoding=\"async\" width=\"820\" height=\"1024\" src=\"https:\/\/kartingelectricsalou.com\/wp-content\/uploads\/2025\/04\/PHOTO-2025-04-08-16-45-52-820x1024.jpg\" alt=\"\" class=\"wp-image-2169\" style=\"border-radius:0px\" srcset=\"https:\/\/kartingelectricsalou.com\/wp-content\/uploads\/2025\/04\/PHOTO-2025-04-08-16-45-52-820x1024.jpg 820w, https:\/\/kartingelectricsalou.com\/wp-content\/uploads\/2025\/04\/PHOTO-2025-04-08-16-45-52-240x300.jpg 240w, https:\/\/kartingelectricsalou.com\/wp-content\/uploads\/2025\/04\/PHOTO-2025-04-08-16-45-52-768x959.jpg 768w, https:\/\/kartingelectricsalou.com\/wp-content\/uploads\/2025\/04\/PHOTO-2025-04-08-16-45-52-1231x1536.jpg 1231w, https:\/\/kartingelectricsalou.com\/wp-content\/uploads\/2025\/04\/PHOTO-2025-04-08-16-45-52-600x749.jpg 600w, https:\/\/kartingelectricsalou.com\/wp-content\/uploads\/2025\/04\/PHOTO-2025-04-08-16-45-52-500x624.jpg 500w, https:\/\/kartingelectricsalou.com\/wp-content\/uploads\/2025\/04\/PHOTO-2025-04-08-16-45-52-800x998.jpg 800w, https:\/\/kartingelectricsalou.com\/wp-content\/uploads\/2025\/04\/PHOTO-2025-04-08-16-45-52-1280x1598.jpg 1280w, https:\/\/kartingelectricsalou.com\/wp-content\/uploads\/2025\/04\/PHOTO-2025-04-08-16-45-52.jpg 1282w\" sizes=\"auto, (max-width: 820px) 100vw, 820px\" \/><\/figure>\n<\/div>\n\n\n\n<div class=\"wp-block-column is-vertically-aligned-center is-layout-flow wp-block-column-is-layout-flow\" style=\"flex-basis:60%\">\n<div class=\"wp-block-nk-awb nk-awb has-00-ff-0000-background-color has-background\"><div class=\"nk-awb-wrap\" style=\"background:#00ff0000\" data-awb-type=\"image\"><div class=\"nk-awb-overlay\" style=\"background: #00ff0000;\"><\/div><\/div><div class=\"nk-awb-wrap-content is-layout-constrained wp-block-nk-awb-is-layout-constrained\">\n<h2 class=\"wp-block-heading has-text-align-center has-theme-palette-1-color has-text-color has-link-color has-large-font-size wp-elements-62fc58d28d2f9eb9ff1ddb9ae61f0fbb\">F\u00caTES D&rsquo;ANNIVERSAIRE<\/h2>\n\n\n\n<p class=\"has-text-align-center\" style=\"font-size:16px\"><strong><mark style=\"background-color:rgba(0, 0, 0, 0)\" class=\"has-inline-color has-theme-palette-1-color\"><em>STATUT MINIMUM 125 cm <\/em><br\/><\/mark><\/strong>D\u00e9couvrez nos packs d&rsquo;anniversaire pour les plus petits.<\/p>\n\n\n\n<p class=\"has-text-align-center has-theme-palette-9-color has-text-color has-link-color has-small-font-size wp-elements-7d291bdf5628ea1d8e86184737db612a\"><strong>2 COURSES \/ 3 COURSES<\/strong> PAR ENFANT<br\/> +<br\/><strong>PHOTOS SUR LE PODIUM<\/strong><br\/> +<br\/><strong>COLLATION ET BOISSON POUR LES ENFANTS<\/strong><br\/>+<br\/><strong>TRAMPOLINES<br\/><\/strong> +<br\/><strong>ESPACE CAF\u00c9T\u00c9RIA POUR LES PARENTS <\/strong> <\/p>\n\n\n\n<p class=\"has-text-align-center has-theme-palette-9-color has-text-color has-link-color has-small-font-size wp-elements-0a830de86785d41e38c63a170b56ccd8\"><strong>PRIX AVEC 2 COURSES - \u20ac30 ENFANT <br\/>PRIX 3 COURSES - \u20ac37 ENFANT<\/strong> <br\/><br\/><strong><em>(Promotion valable pour les groupes d&rsquo;au moins 10 enfants)<\/em><\/strong><br\/><br\/><strong>G\u00c2TEAU D&rsquo;ANNIVERSAIRE NON INCLUS<\/strong><br\/><br\/><strong><mark style=\"background-color:rgba(0, 0, 0, 0)\" class=\"has-inline-color has-theme-palette-1-color\"><em>POSSIBILIT\u00c9 DE D\u00c9CORATION PERSONNALIS\u00c9E POUR VOTRE F\u00caTE<\/em><\/mark><\/strong><br\/><strong><mark style=\"background-color:rgba(0, 0, 0, 0)\" class=\"has-inline-color has-theme-palette-1-color\"><em>  C\u00c9L\u00c9BRATIONS D&rsquo;ANNIVERSAIRES, V\u00c9RIFIEZ LA DISPONIBILIT\u00c9 ET LES PRIX<\/em><\/mark><\/strong><\/p>\n\n\n\n<hr class=\"wp-block-separator has-alpha-channel-opacity\"\/>\n\n\n\n<p class=\"has-text-align-center has-theme-palette-9-color has-text-color has-link-color wp-elements-34235b74960c6090e3944496d0ad4f5b\"><\/p>\n\n\n\n<div class=\"wp-block-buttons is-content-justification-center is-layout-flex wp-container-core-buttons-is-layout-16018d1d wp-block-buttons-is-layout-flex\">\n<div class=\"wp-block-button\"><a class=\"wp-block-button__link has-theme-palette-3-color has-theme-palette-1-background-color has-text-color has-background has-link-color wp-element-button\" href=\"https:\/\/wa.link\/ntsz9s\" target=\"_blank\" rel=\"noreferrer noopener\">R\u00c9SERVEZ VOTRE ANNIVERSAIRE<\/a><\/div>\n<\/div>\n<\/div><\/div>\n<\/div>\n<\/div>\n<\/div><\/div>\n\n\n\n<figure class=\"wp-block-image alignfull size-large\" style=\"margin-top:0;margin-right:0;margin-bottom:0;margin-left:0\"><img loading=\"lazy\" decoding=\"async\" width=\"1024\" height=\"38\" src=\"https:\/\/kartingelectricsalou.com\/wp-content\/uploads\/2025\/03\/franjacuadrados-1-1024x38.png\" alt=\"\" class=\"wp-image-1618\" srcset=\"https:\/\/kartingelectricsalou.com\/wp-content\/uploads\/2025\/03\/franjacuadrados-1-1024x38.png 1024w, https:\/\/kartingelectricsalou.com\/wp-content\/uploads\/2025\/03\/franjacuadrados-1-300x11.png 300w, https:\/\/kartingelectricsalou.com\/wp-content\/uploads\/2025\/03\/franjacuadrados-1-768x29.png 768w, https:\/\/kartingelectricsalou.com\/wp-content\/uploads\/2025\/03\/franjacuadrados-1-600x22.png 600w, https:\/\/kartingelectricsalou.com\/wp-content\/uploads\/2025\/03\/franjacuadrados-1-500x19.png 500w, https:\/\/kartingelectricsalou.com\/wp-content\/uploads\/2025\/03\/franjacuadrados-1-800x30.png 800w, https:\/\/kartingelectricsalou.com\/wp-content\/uploads\/2025\/03\/franjacuadrados-1-1280x48.png 1280w, https:\/\/kartingelectricsalou.com\/wp-content\/uploads\/2025\/03\/franjacuadrados-1.png 1400w\" sizes=\"auto, (max-width: 1024px) 100vw, 1024px\" \/><\/figure>\n\n\n\n<div class=\"wp-block-columns alignfull are-vertically-aligned-center is-layout-flex wp-container-core-columns-is-layout-f9d03155 wp-block-columns-is-layout-flex\" style=\"margin-top:0;margin-bottom:0;padding-top:0;padding-bottom:0\">\n<div class=\"wp-block-column is-vertically-aligned-center bloquecentrado has-theme-palette-3-background-color has-background is-layout-flow wp-block-column-is-layout-flow\">\n<div class=\"wp-block-nk-awb nk-awb nk-awb-fullheight nk-awb-content-valign-center\"><div class=\"nk-awb-wrap\" data-awb-type=\"image\"><div class=\"nk-awb-overlay\" style=\"background: #000000a3;\"><\/div><\/div><div class=\"nk-awb-wrap-content is-layout-flow wp-block-nk-awb-is-layout-flow\">\n<figure class=\"wp-block-image size-large has-custom-border\"><img loading=\"lazy\" decoding=\"async\" width=\"1024\" height=\"512\" src=\"https:\/\/kartingelectricsalou.com\/wp-content\/uploads\/2025\/03\/AdobeStock_711559863-1024x512.jpeg\" alt=\"Enterrement de vie de gar&#xE7;on au Karting\" class=\"wp-image-1280\" style=\"border-radius:0px;aspect-ratio:4\/3;object-fit:cover\" srcset=\"https:\/\/kartingelectricsalou.com\/wp-content\/uploads\/2025\/03\/AdobeStock_711559863-1024x512.jpeg 1024w, https:\/\/kartingelectricsalou.com\/wp-content\/uploads\/2025\/03\/AdobeStock_711559863-scaled-600x300.jpeg 600w, https:\/\/kartingelectricsalou.com\/wp-content\/uploads\/2025\/03\/AdobeStock_711559863-300x150.jpeg 300w, https:\/\/kartingelectricsalou.com\/wp-content\/uploads\/2025\/03\/AdobeStock_711559863-768x384.jpeg 768w, https:\/\/kartingelectricsalou.com\/wp-content\/uploads\/2025\/03\/AdobeStock_711559863-1536x768.jpeg 1536w, https:\/\/kartingelectricsalou.com\/wp-content\/uploads\/2025\/03\/AdobeStock_711559863-2048x1024.jpeg 2048w, https:\/\/kartingelectricsalou.com\/wp-content\/uploads\/2025\/03\/AdobeStock_711559863-500x250.jpeg 500w, https:\/\/kartingelectricsalou.com\/wp-content\/uploads\/2025\/03\/AdobeStock_711559863-800x400.jpeg 800w, https:\/\/kartingelectricsalou.com\/wp-content\/uploads\/2025\/03\/AdobeStock_711559863-1280x640.jpeg 1280w, https:\/\/kartingelectricsalou.com\/wp-content\/uploads\/2025\/03\/AdobeStock_711559863-1920x960.jpeg 1920w\" sizes=\"auto, (max-width: 1024px) 100vw, 1024px\" \/><\/figure>\n\n\n\n<h2 class=\"wp-block-heading has-text-align-center has-theme-palette-3-color has-theme-palette-1-background-color has-text-color has-background has-link-color has-small-font-size wp-elements-128f3bb56f90af1d446036801a300d8d\">ENTERREMENT DE VIE DE GAR\u00c7ON ET DE JEUNE FILLE<\/h2>\n\n\n\n<p class=\"has-small-font-size\"><strong><strong>Rendez votre enterrement de vie de gar\u00e7on inoubliable ! Venez profiter d&rsquo;une course de karting \u00e9lectrique \u00e0 sensations fortes au Karting <strong><strong>\u00e9lectrique <\/strong><\/strong>Salou. Participez \u00e0 une comp\u00e9tition avec vos amis dans une atmosph\u00e8re amusante et pleine d&rsquo;adr\u00e9naline. C&rsquo;est la fa\u00e7on id\u00e9ale de c\u00e9l\u00e9brer votre derni\u00e8re course avant le grand jour !   <\/strong><\/strong><\/p>\n\n\n\n<p class=\"has-text-align-center has-theme-palette-1-color has-text-color has-link-color wp-elements-c3e3b0783332698ca48504430d8756b7\"><\/p>\n\n\n\n<div class=\"wp-block-buttons is-content-justification-center is-layout-flex wp-container-core-buttons-is-layout-16018d1d wp-block-buttons-is-layout-flex\">\n<div class=\"wp-block-button\"><a class=\"wp-block-button__link has-theme-palette-3-background-color has-background wp-element-button\" href=\"https:\/\/wa.link\/ntsz9s\" target=\"_blank\" rel=\"noreferrer noopener\">+ D&rsquo;INFORMATION<\/a><\/div>\n<\/div>\n\n\n\n<p class=\"has-text-align-center has-theme-palette-1-color has-text-color has-link-color wp-elements-c3e3b0783332698ca48504430d8756b7\"><\/p>\n<\/div><\/div>\n<\/div>\n\n\n\n<div class=\"wp-block-column is-vertically-aligned-center bloquecentrado has-theme-palette-1-background-color has-background is-layout-flow wp-block-column-is-layout-flow\">\n<div class=\"wp-block-nk-awb nk-awb nk-awb-fullheight nk-awb-content-valign-center\"><div class=\"nk-awb-wrap\" data-awb-type=\"image\"><div class=\"nk-awb-overlay\" style=\"background: #00ff00b0;\"><\/div><\/div><div class=\"nk-awb-wrap-content is-layout-flow wp-block-nk-awb-is-layout-flow\">\n<figure class=\"wp-block-image size-large has-custom-border\"><img loading=\"lazy\" decoding=\"async\" width=\"1024\" height=\"768\" src=\"https:\/\/kartingelectricsalou.com\/wp-content\/uploads\/2025\/01\/s16-1024x768.jpg\" alt=\"\" class=\"wp-image-143\" style=\"border-radius:0px;aspect-ratio:4\/3;object-fit:cover\" srcset=\"https:\/\/kartingelectricsalou.com\/wp-content\/uploads\/2025\/01\/s16-1024x768.jpg 1024w, https:\/\/kartingelectricsalou.com\/wp-content\/uploads\/2025\/01\/s16-300x225.jpg 300w, https:\/\/kartingelectricsalou.com\/wp-content\/uploads\/2025\/01\/s16-600x450.jpg 600w, https:\/\/kartingelectricsalou.com\/wp-content\/uploads\/2025\/01\/s16-768x576.jpg 768w, https:\/\/kartingelectricsalou.com\/wp-content\/uploads\/2025\/01\/s16-1536x1152.jpg 1536w, https:\/\/kartingelectricsalou.com\/wp-content\/uploads\/2025\/01\/s16-500x375.jpg 500w, https:\/\/kartingelectricsalou.com\/wp-content\/uploads\/2025\/01\/s16-800x600.jpg 800w, https:\/\/kartingelectricsalou.com\/wp-content\/uploads\/2025\/01\/s16-1280x960.jpg 1280w, https:\/\/kartingelectricsalou.com\/wp-content\/uploads\/2025\/01\/s16-1920x1440.jpg 1920w, https:\/\/kartingelectricsalou.com\/wp-content\/uploads\/2025\/01\/s16.jpg 2048w\" sizes=\"auto, (max-width: 1024px) 100vw, 1024px\" \/><\/figure>\n\n\n\n<h2 class=\"wp-block-heading has-text-align-center has-theme-palette-9-color has-theme-palette-3-background-color has-text-color has-background has-link-color has-small-font-size wp-elements-78beda7264b4bedbd425c5ae87b5f3cb\">R\u00c9UNIONS D&rsquo;ENTREPRISES<\/h2>\n\n\n\n<p class=\"has-theme-palette-3-color has-text-color has-link-color has-small-font-size wp-elements-33afd21655a3a60b91d75116c8d24515\"><strong><strong>Transformez votre r\u00e9union d&rsquo;entreprise en une exp\u00e9rience unique et amusante en Karting <strong><strong>\u00e9lectrique <\/strong><\/strong>Salou. Nous vous proposons une combinaison parfaite de travail et de divertissement avec nos courses de karting \u00e9lectrique. Id\u00e9al pour renforcer l&rsquo;esprit d&rsquo;\u00e9quipe en dehors du bureau, rendez votre \u00e9v\u00e9nement m\u00e9morable !   <\/strong><\/strong><\/p>\n\n\n\n<p class=\"has-theme-palette-3-color has-text-color has-link-color wp-elements-60d490a407ceeac273440d0c12324c3e\"><\/p>\n\n\n\n<div class=\"wp-block-buttons is-content-justification-center is-layout-flex wp-container-core-buttons-is-layout-16018d1d wp-block-buttons-is-layout-flex\">\n<div class=\"wp-block-button\"><a class=\"wp-block-button__link has-theme-palette-3-background-color has-background wp-element-button\" href=\"https:\/\/wa.link\/ntsz9s\" target=\"_blank\" rel=\"noreferrer noopener\">+ D&rsquo;INFORMATION<\/a><\/div>\n<\/div>\n\n\n\n<p class=\"has-theme-palette-3-color has-text-color has-link-color wp-elements-60d490a407ceeac273440d0c12324c3e\"><\/p>\n<\/div><\/div>\n<\/div>\n\n\n\n<div class=\"wp-block-column is-vertically-aligned-center bloquecentrado has-theme-palette-4-background-color has-background is-layout-flow wp-block-column-is-layout-flow\">\n<div class=\"wp-block-nk-awb nk-awb nk-awb-fullheight nk-awb-content-valign-center\"><div class=\"nk-awb-wrap\" data-awb-type=\"image\"><div class=\"nk-awb-overlay\" style=\"background: #000000a3;\"><\/div><\/div><div class=\"nk-awb-wrap-content is-layout-flow wp-block-nk-awb-is-layout-flow\">\n<figure class=\"wp-block-image size-large has-custom-border\"><img loading=\"lazy\" decoding=\"async\" width=\"1024\" height=\"683\" src=\"https:\/\/kartingelectricsalou.com\/wp-content\/uploads\/2025\/03\/AdobeStock_628536972-1024x683.jpeg\" alt=\"Journ&#xE9;es de teambuilding Karting\" class=\"wp-image-1287\" style=\"border-radius:0px;aspect-ratio:4\/3;object-fit:cover\" srcset=\"https:\/\/kartingelectricsalou.com\/wp-content\/uploads\/2025\/03\/AdobeStock_628536972-1024x683.jpeg 1024w, https:\/\/kartingelectricsalou.com\/wp-content\/uploads\/2025\/03\/AdobeStock_628536972-scaled-600x400.jpeg 600w, https:\/\/kartingelectricsalou.com\/wp-content\/uploads\/2025\/03\/AdobeStock_628536972-300x200.jpeg 300w, https:\/\/kartingelectricsalou.com\/wp-content\/uploads\/2025\/03\/AdobeStock_628536972-768x512.jpeg 768w, https:\/\/kartingelectricsalou.com\/wp-content\/uploads\/2025\/03\/AdobeStock_628536972-1536x1024.jpeg 1536w, https:\/\/kartingelectricsalou.com\/wp-content\/uploads\/2025\/03\/AdobeStock_628536972-2048x1365.jpeg 2048w, https:\/\/kartingelectricsalou.com\/wp-content\/uploads\/2025\/03\/AdobeStock_628536972-500x333.jpeg 500w, https:\/\/kartingelectricsalou.com\/wp-content\/uploads\/2025\/03\/AdobeStock_628536972-800x533.jpeg 800w, https:\/\/kartingelectricsalou.com\/wp-content\/uploads\/2025\/03\/AdobeStock_628536972-1280x853.jpeg 1280w, https:\/\/kartingelectricsalou.com\/wp-content\/uploads\/2025\/03\/AdobeStock_628536972-1920x1280.jpeg 1920w\" sizes=\"auto, (max-width: 1024px) 100vw, 1024px\" \/><\/figure>\n\n\n\n<h2 class=\"wp-block-heading has-text-align-center has-theme-palette-3-color has-theme-palette-1-background-color has-text-color has-background has-link-color has-small-font-size wp-elements-0139c9ef81d4663102aee733ec962398\">TEAMBUILDING<\/h2>\n\n\n\n<p class=\"has-small-font-size\"><strong><strong>Renforcez les liens de votre \u00e9quipe gr\u00e2ce \u00e0 une exp\u00e9rience unique de teambuilding au Karting <strong><strong>\u00e9lectrique<\/strong><\/strong> Salou. Nos excitantes courses de karting \u00e9lectrique encouragent la collaboration, l&rsquo;esprit d&rsquo;\u00e9quipe et une saine comp\u00e9titivit\u00e9 - une fa\u00e7on amusante et diff\u00e9rente de motiver votre groupe et d&rsquo;am\u00e9liorer la dynamique de travail !  <\/strong><\/strong><\/p>\n\n\n\n<p class=\"has-text-align-center has-theme-palette-1-color has-text-color has-link-color wp-elements-c3e3b0783332698ca48504430d8756b7\"><\/p>\n\n\n\n<div class=\"wp-block-buttons is-content-justification-center is-layout-flex wp-container-core-buttons-is-layout-16018d1d wp-block-buttons-is-layout-flex\">\n<div class=\"wp-block-button\"><a class=\"wp-block-button__link has-theme-palette-3-background-color has-background wp-element-button\" href=\"https:\/\/wa.link\/ntsz9s\" target=\"_blank\" rel=\"noreferrer noopener\">+ D&rsquo;INFORMATION<\/a><\/div>\n<\/div>\n\n\n\n<p class=\"has-text-align-center has-theme-palette-1-color has-text-color has-link-color wp-elements-c3e3b0783332698ca48504430d8756b7\"><\/p>\n<\/div><\/div>\n<\/div>\n<\/div>\n\n\n\n<figure class=\"wp-block-image alignfull size-large\" style=\"margin-top:0;margin-right:0;margin-bottom:0;margin-left:0\"><img loading=\"lazy\" decoding=\"async\" width=\"1024\" height=\"38\" src=\"https:\/\/kartingelectricsalou.com\/wp-content\/uploads\/2025\/03\/franjacuadrados-1-1024x38.png\" alt=\"\" class=\"wp-image-1618\" srcset=\"https:\/\/kartingelectricsalou.com\/wp-content\/uploads\/2025\/03\/franjacuadrados-1-1024x38.png 1024w, https:\/\/kartingelectricsalou.com\/wp-content\/uploads\/2025\/03\/franjacuadrados-1-300x11.png 300w, https:\/\/kartingelectricsalou.com\/wp-content\/uploads\/2025\/03\/franjacuadrados-1-768x29.png 768w, https:\/\/kartingelectricsalou.com\/wp-content\/uploads\/2025\/03\/franjacuadrados-1-600x22.png 600w, https:\/\/kartingelectricsalou.com\/wp-content\/uploads\/2025\/03\/franjacuadrados-1-500x19.png 500w, https:\/\/kartingelectricsalou.com\/wp-content\/uploads\/2025\/03\/franjacuadrados-1-800x30.png 800w, https:\/\/kartingelectricsalou.com\/wp-content\/uploads\/2025\/03\/franjacuadrados-1-1280x48.png 1280w, https:\/\/kartingelectricsalou.com\/wp-content\/uploads\/2025\/03\/franjacuadrados-1.png 1400w\" sizes=\"auto, (max-width: 1024px) 100vw, 1024px\" \/><\/figure>\n<\/div><\/div>\n\n<div class=\"wp-block-cover alignfull\" style=\"margin-top:0;margin-bottom:0\"><img loading=\"lazy\" decoding=\"async\" width=\"1200\" height=\"600\" class=\"wp-block-cover__image-background wp-image-106\" alt=\"\" src=\"https:\/\/kartingelectricsalou.com\/wp-content\/uploads\/2025\/01\/fondo2-1.png\" data-object-fit=\"cover\" srcset=\"https:\/\/kartingelectricsalou.com\/wp-content\/uploads\/2025\/01\/fondo2-1.png 1200w, https:\/\/kartingelectricsalou.com\/wp-content\/uploads\/2025\/01\/fondo2-1-600x300.png 600w, https:\/\/kartingelectricsalou.com\/wp-content\/uploads\/2025\/01\/fondo2-1-300x150.png 300w, https:\/\/kartingelectricsalou.com\/wp-content\/uploads\/2025\/01\/fondo2-1-1024x512.png 1024w, https:\/\/kartingelectricsalou.com\/wp-content\/uploads\/2025\/01\/fondo2-1-768x384.png 768w, https:\/\/kartingelectricsalou.com\/wp-content\/uploads\/2025\/01\/fondo2-1-500x250.png 500w, https:\/\/kartingelectricsalou.com\/wp-content\/uploads\/2025\/01\/fondo2-1-800x400.png 800w\" sizes=\"auto, (max-width: 1200px) 100vw, 1200px\" \/><span aria-hidden=\"true\" class=\"wp-block-cover__background has-theme-palette-3-background-color has-background-dim-100 has-background-dim\"><\/span><div class=\"wp-block-cover__inner-container is-layout-constrained wp-block-cover-is-layout-constrained\">\n<div class=\"wp-block-columns alignfull are-vertically-aligned-center is-layout-flex wp-container-core-columns-is-layout-9d6595d7 wp-block-columns-is-layout-flex\">\n<div class=\"wp-block-column is-vertically-aligned-center is-layout-flow wp-block-column-is-layout-flow\" style=\"flex-basis:40%\">\n<figure class=\"wp-block-image size-full\"><img loading=\"lazy\" decoding=\"async\" width=\"900\" height=\"500\" src=\"https:\/\/kartingelectricsalou.com\/wp-content\/uploads\/2025\/01\/electric-karting-salou.jpg\" alt=\"\" class=\"wp-image-189\" srcset=\"https:\/\/kartingelectricsalou.com\/wp-content\/uploads\/2025\/01\/electric-karting-salou.jpg 900w, https:\/\/kartingelectricsalou.com\/wp-content\/uploads\/2025\/01\/electric-karting-salou-600x333.jpg 600w, https:\/\/kartingelectricsalou.com\/wp-content\/uploads\/2025\/01\/electric-karting-salou-300x167.jpg 300w, https:\/\/kartingelectricsalou.com\/wp-content\/uploads\/2025\/01\/electric-karting-salou-768x427.jpg 768w, https:\/\/kartingelectricsalou.com\/wp-content\/uploads\/2025\/01\/electric-karting-salou-500x278.jpg 500w, https:\/\/kartingelectricsalou.com\/wp-content\/uploads\/2025\/01\/electric-karting-salou-800x444.jpg 800w\" sizes=\"auto, (max-width: 900px) 100vw, 900px\" \/><\/figure>\n<\/div>\n\n\n\n<div class=\"wp-block-column is-vertically-aligned-center is-layout-flow wp-block-column-is-layout-flow\" style=\"flex-basis:60%\">\n<div class=\"wp-block-nk-awb nk-awb\"><div class=\"nk-awb-wrap-content is-layout-constrained wp-block-nk-awb-is-layout-constrained\">\n<h2 class=\"wp-block-heading has-text-align-left has-theme-palette-9-color has-theme-palette-3-background-color has-text-color has-background has-link-color has-large-font-size wp-elements-8d91e6c164ba888164cb51aa839749ac\">DEMANDE D&rsquo;INFORMATION POUR VOTRE \u00c9V\u00c9NEMENT<\/h2>\n\n\n\n<p class=\"has-theme-palette-3-color has-text-color has-link-color wp-elements-60d490a407ceeac273440d0c12324c3e\"><\/p>\n\n\n<p class=\"wpcf7-contact-form-not-found\"><strong>Erreur :<\/strong> Formulaire de contact non trouv\u00e9\u00a0!<\/p>\n<\/div><\/div>\n<\/div>\n<\/div>\n<\/div><\/div>\n","protected":false},"excerpt":{"rendered":"","protected":false},"author":1,"featured_media":0,"parent":0,"menu_order":0,"comment_status":"closed","ping_status":"closed","template":"","meta":{"_kad_post_transparent":"","_kad_post_title":"","_kad_post_layout":"","_kad_post_sidebar_id":"","_kad_post_content_style":"","_kad_post_vertical_padding":"","_kad_post_feature":"","_kad_post_feature_position":"","_kad_post_header":false,"_kad_post_footer":false,"_kad_post_classname":"","footnotes":""},"class_list":["post-809","page","type-page","status-publish","hentry"],"_links":{"self":[{"href":"https:\/\/kartingelectricsalou.com\/fr\/wp-json\/wp\/v2\/pages\/809","targetHints":{"allow":["GET"]}}],"collection":[{"href":"https:\/\/kartingelectricsalou.com\/fr\/wp-json\/wp\/v2\/pages"}],"about":[{"href":"https:\/\/kartingelectricsalou.com\/fr\/wp-json\/wp\/v2\/types\/page"}],"author":[{"embeddable":true,"href":"https:\/\/kartingelectricsalou.com\/fr\/wp-json\/wp\/v2\/users\/1"}],"replies":[{"embeddable":true,"href":"https:\/\/kartingelectricsalou.com\/fr\/wp-json\/wp\/v2\/comments?post=809"}],"version-history":[{"count":40,"href":"https:\/\/kartingelectricsalou.com\/fr\/wp-json\/wp\/v2\/pages\/809\/revisions"}],"predecessor-version":[{"id":3170,"href":"https:\/\/kartingelectricsalou.com\/fr\/wp-json\/wp\/v2\/pages\/809\/revisions\/3170"}],"wp:attachment":[{"href":"https:\/\/kartingelectricsalou.com\/fr\/wp-json\/wp\/v2\/media?parent=809"}],"curies":[{"name":"wp","href":"https:\/\/api.w.org\/{rel}","templated":true}]}}