{"id":727,"date":"2025-01-15T21:10:47","date_gmt":"2025-01-15T20:10:47","guid":{"rendered":"https:\/\/kartingelectricsalou.com\/karts\/"},"modified":"2025-06-05T17:49:02","modified_gmt":"2025-06-05T15:49:02","slug":"karts","status":"publish","type":"page","link":"https:\/\/kartingelectricsalou.com\/fr\/karts\/","title":{"rendered":"KARTS"},"content":{"rendered":"\n<div class=\"wp-block-cover alignfull herocabecera\" style=\"margin-top:0;margin-bottom:0;min-height:176px;aspect-ratio:unset;\"><span aria-hidden=\"true\" class=\"wp-block-cover__background has-theme-palette-3-background-color has-background-dim-70 has-background-dim\"><\/span><video class=\"wp-block-cover__video-background intrinsic-ignore\" autoplay muted loop playsinline src=\"https:\/\/kartingelectricsalou.com\/wp-content\/uploads\/2025\/02\/WhatsApp-Video-2025-02-12-at-11.41.11-1.mp4\" data-object-fit=\"cover\"><\/video><div class=\"wp-block-cover__inner-container is-layout-constrained wp-block-cover-is-layout-constrained\">\n<p class=\"has-text-align-center\"><\/p>\n<\/div><\/div>\n\n<div class=\"wp-block-cover alignfull\" style=\"margin-top:0;margin-bottom:0;min-height:430px;aspect-ratio:unset;\"><span aria-hidden=\"true\" class=\"wp-block-cover__background has-theme-palette-3-background-color has-background-dim-100 has-background-dim\"><\/span><img loading=\"lazy\" decoding=\"async\" width=\"1200\" height=\"600\" class=\"wp-block-cover__image-background wp-image-110\" alt=\"\" src=\"https:\/\/kartingelectricsalou.com\/wp-content\/uploads\/2025\/01\/fondo2-2.png\" style=\"object-position:50% 0%\" data-object-fit=\"cover\" data-object-position=\"50% 0%\" srcset=\"https:\/\/kartingelectricsalou.com\/wp-content\/uploads\/2025\/01\/fondo2-2.png 1200w, https:\/\/kartingelectricsalou.com\/wp-content\/uploads\/2025\/01\/fondo2-2-600x300.png 600w, https:\/\/kartingelectricsalou.com\/wp-content\/uploads\/2025\/01\/fondo2-2-300x150.png 300w, https:\/\/kartingelectricsalou.com\/wp-content\/uploads\/2025\/01\/fondo2-2-1024x512.png 1024w, https:\/\/kartingelectricsalou.com\/wp-content\/uploads\/2025\/01\/fondo2-2-768x384.png 768w, https:\/\/kartingelectricsalou.com\/wp-content\/uploads\/2025\/01\/fondo2-2-500x250.png 500w, https:\/\/kartingelectricsalou.com\/wp-content\/uploads\/2025\/01\/fondo2-2-800x400.png 800w\" sizes=\"auto, (max-width: 1200px) 100vw, 1200px\" \/><div class=\"wp-block-cover__inner-container is-layout-constrained wp-block-cover-is-layout-constrained\">\n<div class=\"wp-block-columns are-vertically-aligned-center is-layout-flex wp-container-core-columns-is-layout-9d6595d7 wp-block-columns-is-layout-flex\">\n<div class=\"wp-block-column is-vertically-aligned-center is-layout-flow wp-block-column-is-layout-flow\">\n<div class=\"wp-block-cb-carousel cb-single-slide\" data-slick=\"{&quot;slidesToShow&quot;:1,&quot;slidesToScroll&quot;:1,&quot;speed&quot;:300,&quot;arrows&quot;:true,&quot;dots&quot;:true,&quot;autoplay&quot;:true,&quot;autoplaySpeed&quot;:2000,&quot;infinite&quot;:true,&quot;responsive&quot;:[{&quot;breakpoint&quot;:770,&quot;settings&quot;:{&quot;slidesToShow&quot;:1,&quot;slidesToScroll&quot;:1}}]}\">\n<div class=\"wp-block-cb-slide\">\n<figure class=\"wp-block-image size-full\"><img loading=\"lazy\" decoding=\"async\" width=\"750\" height=\"579\" src=\"https:\/\/kartingelectricsalou.com\/wp-content\/uploads\/2025\/01\/adveo-am2-4.jpg\" alt=\"\" class=\"wp-image-342\" srcset=\"https:\/\/kartingelectricsalou.com\/wp-content\/uploads\/2025\/01\/adveo-am2-4.jpg 750w, https:\/\/kartingelectricsalou.com\/wp-content\/uploads\/2025\/01\/adveo-am2-4-600x463.jpg 600w, https:\/\/kartingelectricsalou.com\/wp-content\/uploads\/2025\/01\/adveo-am2-4-300x232.jpg 300w, https:\/\/kartingelectricsalou.com\/wp-content\/uploads\/2025\/01\/adveo-am2-4-500x386.jpg 500w\" sizes=\"auto, (max-width: 750px) 100vw, 750px\" \/><\/figure>\n<\/div>\n\n\n\n<div class=\"wp-block-cb-slide\">\n<figure class=\"wp-block-image size-full\"><img loading=\"lazy\" decoding=\"async\" width=\"750\" height=\"579\" src=\"https:\/\/kartingelectricsalou.com\/wp-content\/uploads\/2025\/01\/adveo-am2-5.jpg\" alt=\"\" class=\"wp-image-343\" srcset=\"https:\/\/kartingelectricsalou.com\/wp-content\/uploads\/2025\/01\/adveo-am2-5.jpg 750w, https:\/\/kartingelectricsalou.com\/wp-content\/uploads\/2025\/01\/adveo-am2-5-600x463.jpg 600w, https:\/\/kartingelectricsalou.com\/wp-content\/uploads\/2025\/01\/adveo-am2-5-300x232.jpg 300w, https:\/\/kartingelectricsalou.com\/wp-content\/uploads\/2025\/01\/adveo-am2-5-500x386.jpg 500w\" sizes=\"auto, (max-width: 750px) 100vw, 750px\" \/><\/figure>\n<\/div>\n\n\n\n<div class=\"wp-block-cb-slide\">\n<figure class=\"wp-block-image size-full\"><img loading=\"lazy\" decoding=\"async\" width=\"750\" height=\"579\" src=\"https:\/\/kartingelectricsalou.com\/wp-content\/uploads\/2025\/01\/adveo-am2-13.jpg\" alt=\"\" class=\"wp-image-344\" srcset=\"https:\/\/kartingelectricsalou.com\/wp-content\/uploads\/2025\/01\/adveo-am2-13.jpg 750w, https:\/\/kartingelectricsalou.com\/wp-content\/uploads\/2025\/01\/adveo-am2-13-600x463.jpg 600w, https:\/\/kartingelectricsalou.com\/wp-content\/uploads\/2025\/01\/adveo-am2-13-300x232.jpg 300w, https:\/\/kartingelectricsalou.com\/wp-content\/uploads\/2025\/01\/adveo-am2-13-500x386.jpg 500w\" sizes=\"auto, (max-width: 750px) 100vw, 750px\" \/><\/figure>\n<\/div>\n<\/div>\n<\/div>\n\n\n\n<div class=\"wp-block-column is-vertically-aligned-center is-layout-flow wp-block-column-is-layout-flow\">\n<h2 class=\"wp-block-heading has-theme-palette-1-color has-text-color has-link-color has-xxlarge-font-size wp-elements-7d17938a4665cb4a03def776479204fa\">AM2 ELECTRIC<\/h2>\n\n\n\n<h3 class=\"wp-block-heading has-theme-palette-3-color has-theme-palette-9-background-color has-text-color has-background has-link-color has-medium-font-size wp-elements-bdf234c39891f1d84da9300f510ff18a\" style=\"margin-top:1.2rem;margin-right:0;margin-bottom:1.2rem;margin-left:0;padding-top:0;padding-right:var(--wp--preset--spacing--30);padding-bottom:0;padding-left:var(--wp--preset--spacing--30);text-transform:uppercase\">L&rsquo;\u00e9quilibre parfait entre sportivit\u00e9 et fonctionnalit\u00e9.<\/h3>\n\n\n\n<p class=\"has-theme-palette-9-color has-text-color has-link-color has-medium-font-size wp-elements-a1ac019a49f6d21f96fc762bf5ea2628\"><strong>Con\u00e7u et cr\u00e9\u00e9 pour \u00eatre le meilleur kart \u00e9lectrique au monde.<\/strong><\/p>\n\n\n\n<p class=\"has-theme-palette-9-color has-text-color has-link-color has-medium-font-size wp-elements-a6ee5d771e437b6882d4c0de40bedb06\">Avec un syst\u00e8me de propulsion 100% \u00e9lectrique innovant, il est d\u00e9riv\u00e9 des v\u00e9hicules de course \u00e9lectriques. Dot\u00e9 de 3 cartes de puissance (V1, V2, V3) et d&rsquo;un syst\u00e8me de s\u00e9curit\u00e9 avec contr\u00f4le de l&rsquo;arr\u00eat, il fait un grand bond en avant technologique, permettant de nouvelles vitesses et de nouveaux temps de charge.   <\/p>\n<\/div>\n<\/div>\n<\/div><\/div>\n\n<div class=\"wp-block-cover alignfull has-theme-palette-9-color has-text-color has-link-color wp-elements-3d5968b5fc6a9d1fc647378d576a6e56\" style=\"margin-top:0;margin-bottom:0;min-height:430px;aspect-ratio:unset;\"><span aria-hidden=\"true\" class=\"wp-block-cover__background has-theme-palette-4-background-color has-background-dim-100 has-background-dim\"><\/span><img loading=\"lazy\" decoding=\"async\" width=\"1200\" height=\"600\" class=\"wp-block-cover__image-background wp-image-124\" alt=\"\" src=\"https:\/\/kartingelectricsalou.com\/wp-content\/uploads\/2025\/01\/fondonegro.png\" data-object-fit=\"cover\" srcset=\"https:\/\/kartingelectricsalou.com\/wp-content\/uploads\/2025\/01\/fondonegro.png 1200w, https:\/\/kartingelectricsalou.com\/wp-content\/uploads\/2025\/01\/fondonegro-600x300.png 600w, https:\/\/kartingelectricsalou.com\/wp-content\/uploads\/2025\/01\/fondonegro-300x150.png 300w, https:\/\/kartingelectricsalou.com\/wp-content\/uploads\/2025\/01\/fondonegro-1024x512.png 1024w, https:\/\/kartingelectricsalou.com\/wp-content\/uploads\/2025\/01\/fondonegro-768x384.png 768w, https:\/\/kartingelectricsalou.com\/wp-content\/uploads\/2025\/01\/fondonegro-500x250.png 500w, https:\/\/kartingelectricsalou.com\/wp-content\/uploads\/2025\/01\/fondonegro-800x400.png 800w\" sizes=\"auto, (max-width: 1200px) 100vw, 1200px\" \/><div class=\"wp-block-cover__inner-container is-layout-constrained wp-block-cover-is-layout-constrained\">\n<div class=\"wp-block-columns are-vertically-aligned-center is-layout-flex wp-container-core-columns-is-layout-9d6595d7 wp-block-columns-is-layout-flex\">\n<div class=\"wp-block-column is-vertically-aligned-center is-layout-flow wp-block-column-is-layout-flow\">\n<h2 class=\"wp-block-heading has-theme-palette-1-color has-text-color has-link-color has-xxlarge-font-size wp-elements-6e7f82abc365607d73afc28d427966d3\">AM3 ELECTRIC<\/h2>\n\n\n\n<h3 class=\"wp-block-heading has-theme-palette-3-color has-theme-palette-9-background-color has-text-color has-background has-link-color has-medium-font-size wp-elements-46f1bd1c3719528f423946d788caa47c\" style=\"margin-top:1.2rem;margin-right:0;margin-bottom:1.2rem;margin-left:0;padding-top:0;padding-right:var(--wp--preset--spacing--30);padding-bottom:0;padding-left:var(--wp--preset--spacing--30);text-transform:uppercase\"><strong>le kart \u00e9lectrique total<\/strong><\/h3>\n\n\n\n<p class=\"has-theme-palette-9-color has-text-color has-link-color has-medium-font-size wp-elements-0322026d797ee4b8a107447fc4186c9e\">Il est n\u00e9 avec la m\u00eame essence que son grand fr\u00e8re AM2, mais con\u00e7u et destin\u00e9 \u00e0 couvrir un public plus large. Gr\u00e2ce \u00e0 3 positions diff\u00e9rentes de la carte de puissance (V1, V2, V3) et au r\u00e9glage ais\u00e9 du si\u00e8ge, du volant et des p\u00e9dales, il est en mesure de couvrir des tailles allant de 1,20 m \u00e0 1,90 m. <\/p>\n\n\n\n<p>\u00c9quip\u00e9 d&rsquo;une batterie au lithium d&rsquo;une capacit\u00e9 de 51Ah, d&rsquo;une tension maximale de 58V et d&rsquo;une puissance de 10CV. Et avec des temps de charge compris entre 50 % et 100 % de son temps d&rsquo;utilisation, en fonction de la carte de puissance choisie. <\/p>\n\n\n\n<p class=\"has-theme-palette-1-color has-text-color has-link-color has-medium-font-size wp-elements-d65b0ade6ae48b5dcf52190f038ea966\"><\/p>\n<\/div>\n\n\n\n<div class=\"wp-block-column is-vertically-aligned-center has-theme-palette-1-color has-text-color has-link-color wp-elements-300db0141520c20e07838fdc89f9ea02 is-layout-flow wp-block-column-is-layout-flow\">\n<div class=\"wp-block-cb-carousel cb-single-slide\" data-slick=\"{&quot;slidesToShow&quot;:1,&quot;slidesToScroll&quot;:1,&quot;speed&quot;:300,&quot;arrows&quot;:true,&quot;dots&quot;:true,&quot;autoplay&quot;:true,&quot;autoplaySpeed&quot;:2000,&quot;infinite&quot;:true,&quot;responsive&quot;:[{&quot;breakpoint&quot;:769,&quot;settings&quot;:{&quot;slidesToShow&quot;:1,&quot;slidesToScroll&quot;:1}}]}\">\n<div class=\"wp-block-cb-slide\">\n<figure class=\"wp-block-image size-full\"><img loading=\"lazy\" decoding=\"async\" width=\"1024\" height=\"683\" src=\"https:\/\/kartingelectricsalou.com\/wp-content\/uploads\/2025\/01\/AM3-ADVEO-FRONTAL-1-1024x683-1.jpg\" alt=\"\" class=\"wp-image-360\" srcset=\"https:\/\/kartingelectricsalou.com\/wp-content\/uploads\/2025\/01\/AM3-ADVEO-FRONTAL-1-1024x683-1.jpg 1024w, https:\/\/kartingelectricsalou.com\/wp-content\/uploads\/2025\/01\/AM3-ADVEO-FRONTAL-1-1024x683-1-600x400.jpg 600w, https:\/\/kartingelectricsalou.com\/wp-content\/uploads\/2025\/01\/AM3-ADVEO-FRONTAL-1-1024x683-1-300x200.jpg 300w, https:\/\/kartingelectricsalou.com\/wp-content\/uploads\/2025\/01\/AM3-ADVEO-FRONTAL-1-1024x683-1-768x512.jpg 768w, https:\/\/kartingelectricsalou.com\/wp-content\/uploads\/2025\/01\/AM3-ADVEO-FRONTAL-1-1024x683-1-500x333.jpg 500w, https:\/\/kartingelectricsalou.com\/wp-content\/uploads\/2025\/01\/AM3-ADVEO-FRONTAL-1-1024x683-1-800x534.jpg 800w\" sizes=\"auto, (max-width: 1024px) 100vw, 1024px\" \/><\/figure>\n<\/div>\n\n\n\n<div class=\"wp-block-cb-slide\">\n<figure class=\"wp-block-image size-full\"><img loading=\"lazy\" decoding=\"async\" width=\"1024\" height=\"682\" src=\"https:\/\/kartingelectricsalou.com\/wp-content\/uploads\/2025\/01\/AM3-ADVEO-lateral-1024x682-1.jpg\" alt=\"\" class=\"wp-image-361\" srcset=\"https:\/\/kartingelectricsalou.com\/wp-content\/uploads\/2025\/01\/AM3-ADVEO-lateral-1024x682-1.jpg 1024w, https:\/\/kartingelectricsalou.com\/wp-content\/uploads\/2025\/01\/AM3-ADVEO-lateral-1024x682-1-600x400.jpg 600w, https:\/\/kartingelectricsalou.com\/wp-content\/uploads\/2025\/01\/AM3-ADVEO-lateral-1024x682-1-300x200.jpg 300w, https:\/\/kartingelectricsalou.com\/wp-content\/uploads\/2025\/01\/AM3-ADVEO-lateral-1024x682-1-768x512.jpg 768w, https:\/\/kartingelectricsalou.com\/wp-content\/uploads\/2025\/01\/AM3-ADVEO-lateral-1024x682-1-500x333.jpg 500w, https:\/\/kartingelectricsalou.com\/wp-content\/uploads\/2025\/01\/AM3-ADVEO-lateral-1024x682-1-800x533.jpg 800w\" sizes=\"auto, (max-width: 1024px) 100vw, 1024px\" \/><\/figure>\n<\/div>\n\n\n\n<div class=\"wp-block-cb-slide\">\n<figure class=\"wp-block-image size-full\"><img loading=\"lazy\" decoding=\"async\" width=\"1024\" height=\"683\" src=\"https:\/\/kartingelectricsalou.com\/wp-content\/uploads\/2025\/01\/AM3-ADVEO-LATERAL-FRONTAL-1024x683-1.jpg\" alt=\"\" class=\"wp-image-362\" srcset=\"https:\/\/kartingelectricsalou.com\/wp-content\/uploads\/2025\/01\/AM3-ADVEO-LATERAL-FRONTAL-1024x683-1.jpg 1024w, https:\/\/kartingelectricsalou.com\/wp-content\/uploads\/2025\/01\/AM3-ADVEO-LATERAL-FRONTAL-1024x683-1-600x400.jpg 600w, https:\/\/kartingelectricsalou.com\/wp-content\/uploads\/2025\/01\/AM3-ADVEO-LATERAL-FRONTAL-1024x683-1-300x200.jpg 300w, https:\/\/kartingelectricsalou.com\/wp-content\/uploads\/2025\/01\/AM3-ADVEO-LATERAL-FRONTAL-1024x683-1-768x512.jpg 768w, https:\/\/kartingelectricsalou.com\/wp-content\/uploads\/2025\/01\/AM3-ADVEO-LATERAL-FRONTAL-1024x683-1-500x333.jpg 500w, https:\/\/kartingelectricsalou.com\/wp-content\/uploads\/2025\/01\/AM3-ADVEO-LATERAL-FRONTAL-1024x683-1-800x534.jpg 800w\" sizes=\"auto, (max-width: 1024px) 100vw, 1024px\" \/><\/figure>\n<\/div>\n<\/div>\n<\/div>\n<\/div>\n<\/div><\/div>\n\n<p><\/p>\n","protected":false},"excerpt":{"rendered":"","protected":false},"author":1,"featured_media":0,"parent":0,"menu_order":0,"comment_status":"closed","ping_status":"closed","template":"","meta":{"_kad_post_transparent":"","_kad_post_title":"","_kad_post_layout":"","_kad_post_sidebar_id":"","_kad_post_content_style":"","_kad_post_vertical_padding":"","_kad_post_feature":"","_kad_post_feature_position":"","_kad_post_header":false,"_kad_post_footer":false,"_kad_post_classname":"","footnotes":""},"class_list":["post-727","page","type-page","status-publish","hentry"],"_links":{"self":[{"href":"https:\/\/kartingelectricsalou.com\/fr\/wp-json\/wp\/v2\/pages\/727","targetHints":{"allow":["GET"]}}],"collection":[{"href":"https:\/\/kartingelectricsalou.com\/fr\/wp-json\/wp\/v2\/pages"}],"about":[{"href":"https:\/\/kartingelectricsalou.com\/fr\/wp-json\/wp\/v2\/types\/page"}],"author":[{"embeddable":true,"href":"https:\/\/kartingelectricsalou.com\/fr\/wp-json\/wp\/v2\/users\/1"}],"replies":[{"embeddable":true,"href":"https:\/\/kartingelectricsalou.com\/fr\/wp-json\/wp\/v2\/comments?post=727"}],"version-history":[{"count":13,"href":"https:\/\/kartingelectricsalou.com\/fr\/wp-json\/wp\/v2\/pages\/727\/revisions"}],"predecessor-version":[{"id":2695,"href":"https:\/\/kartingelectricsalou.com\/fr\/wp-json\/wp\/v2\/pages\/727\/revisions\/2695"}],"wp:attachment":[{"href":"https:\/\/kartingelectricsalou.com\/fr\/wp-json\/wp\/v2\/media?parent=727"}],"curies":[{"name":"wp","href":"https:\/\/api.w.org\/{rel}","templated":true}]}}