{"id":1230,"date":"2025-03-06T10:15:48","date_gmt":"2025-03-06T09:15:48","guid":{"rendered":"https:\/\/kartingelectricsalou.com\/horaires\/"},"modified":"2026-04-11T16:49:41","modified_gmt":"2026-04-11T14:49:41","slug":"horaires","status":"publish","type":"page","link":"https:\/\/kartingelectricsalou.com\/fr\/horaires\/","title":{"rendered":"HORAIRES"},"content":{"rendered":"\n<div class=\"wp-block-cover alignfull is-light\" style=\"margin-top:0;margin-bottom:0;min-height:185px;aspect-ratio:unset;\"><video class=\"wp-block-cover__video-background intrinsic-ignore\" autoplay muted loop playsinline src=\"https:\/\/kartingelectricsalou.com\/wp-content\/uploads\/2025\/02\/WhatsApp-Video-2025-02-12-at-11.41.11-1.mp4\" data-object-fit=\"cover\"><\/video><span aria-hidden=\"true\" class=\"wp-block-cover__background has-background-dim-0 has-background-dim\" style=\"background-color:#FFF\"><\/span><div class=\"wp-block-cover__inner-container is-layout-constrained wp-block-cover-is-layout-constrained\">\n<p class=\"has-text-align-center has-large-font-size\"><\/p>\n<\/div><\/div>\n\n\n\n<div class=\"wp-block-cover alignfull\" style=\"margin-top:0;margin-bottom:0\"><span aria-hidden=\"true\" class=\"wp-block-cover__background has-theme-palette-3-background-color has-background-dim-100 has-background-dim\"><\/span><div class=\"wp-block-cover__inner-container is-layout-constrained wp-block-cover-is-layout-constrained\">\n<div class=\"wp-block-columns are-vertically-aligned-center is-layout-flex wp-container-core-columns-is-layout-9d6595d7 wp-block-columns-is-layout-flex\">\n<div class=\"wp-block-column is-vertically-aligned-center is-layout-flow wp-block-column-is-layout-flow\">\n<div class=\"wp-block-group has-theme-palette-4-background-color has-background is-vertical is-nowrap is-layout-flex wp-container-core-group-is-layout-947ac36b wp-block-group-is-layout-flex wp-container-1 is-position-sticky\" style=\"border-radius:21px\">\n<p style=\"font-size:14px\"><strong><mark style=\"background-color:rgba(0, 0, 0, 0)\" class=\"has-inline-color has-theme-palette-1-color\">HORAIRES D&rsquo;OUVERTURE<\/mark><\/strong><\/p>\n\n\n\n<p style=\"font-size:14px\"><strong>FERM\u00c9 LES LUNDIS ET MARDIS<br><\/strong>---<br><strong><mark style=\"background-color:rgba(0, 0, 0, 0)\" class=\"has-inline-color has-theme-palette-1-color\">DU MERCREDI AU DIMANCHE<\/mark><\/strong><\/p>\n\n\n\n<p style=\"font-size:14px\">de 10h00 \u00e0 14h00 et de 16h00 \u00e0 20h00<\/p>\n\n\n\n<hr class=\"wp-block-separator has-alpha-channel-opacity\"\/>\n\n\n\n<p style=\"font-size:14px\"><\/p>\n\n\n\n<ul class=\"wp-block-list has-small-font-size\">\n<li style=\"font-size:12px\"><strong>IMPORTANT : Les horaires de karting peuvent \u00eatre modifi\u00e9s en fonction des conditions m\u00e9t\u00e9orologiques. Veuillez nous contacter par t\u00e9l\u00e9phone ou par Whatsapp si vous avez des doutes avant de venir.  <\/strong><\/li>\n<\/ul>\n\n\n\n<p class=\"has-text-align-center\" style=\"font-size:12px\"><em>V\u00e9rifiez les disponibilit\u00e9s et les horaires des \u00e9v\u00e9nements et des groupes.<\/em><\/p>\n<\/div>\n<\/div>\n\n\n\n<div class=\"wp-block-column is-vertically-aligned-center is-layout-flow wp-block-column-is-layout-flow\">\n<p class=\"has-text-align-center\">T\u00e9l\u00e9phone : 977 26 94 05 <strong><a href=\"tel:977269405\">977 26 94 05<\/a><\/strong><\/p>\n\n\n\n<div class=\"wp-block-buttons is-content-justification-center is-layout-flex wp-container-core-buttons-is-layout-16018d1d wp-block-buttons-is-layout-flex\">\n<div class=\"wp-block-button\"><a class=\"wp-block-button__link has-theme-palette-3-color has-text-color has-link-color wp-element-button\" href=\"https:\/\/wa.link\/ntsz9s\" target=\"_blank\" rel=\"noreferrer noopener\">WHATSAPP 686 19 06 35<\/a><\/div>\n<\/div>\n\n\n\n<p class=\"has-text-align-center\"><em><em> <a href=\"mailto:info@electrickartingsalou.com\">info@kartingelectricsalou.com<\/a><\/em> <\/em><\/p>\n\n\n\n<p class=\"has-text-align-center\">C \/ Merc\u00e8 Rodoreda n\u00ba 2, Salou, (Tarragona)  <\/p>\n<\/div>\n<\/div>\n<\/div><\/div>\n\n\n\n<figure class=\"wp-block-image alignfull size-full\" style=\"margin-top:0;margin-right:0;margin-bottom:0;margin-left:0\"><img loading=\"lazy\" decoding=\"async\" width=\"1400\" height=\"52\" src=\"https:\/\/kartingelectricsalou.com\/wp-content\/uploads\/2025\/03\/franjacuadrados-1.png\" alt=\"\" class=\"wp-image-1618\" srcset=\"https:\/\/kartingelectricsalou.com\/wp-content\/uploads\/2025\/03\/franjacuadrados-1.png 1400w, https:\/\/kartingelectricsalou.com\/wp-content\/uploads\/2025\/03\/franjacuadrados-1-300x11.png 300w, https:\/\/kartingelectricsalou.com\/wp-content\/uploads\/2025\/03\/franjacuadrados-1-1024x38.png 1024w, https:\/\/kartingelectricsalou.com\/wp-content\/uploads\/2025\/03\/franjacuadrados-1-768x29.png 768w, https:\/\/kartingelectricsalou.com\/wp-content\/uploads\/2025\/03\/franjacuadrados-1-600x22.png 600w, https:\/\/kartingelectricsalou.com\/wp-content\/uploads\/2025\/03\/franjacuadrados-1-500x19.png 500w, https:\/\/kartingelectricsalou.com\/wp-content\/uploads\/2025\/03\/franjacuadrados-1-800x30.png 800w, https:\/\/kartingelectricsalou.com\/wp-content\/uploads\/2025\/03\/franjacuadrados-1-1280x48.png 1280w\" sizes=\"auto, (max-width: 1400px) 100vw, 1400px\" \/><\/figure>\n","protected":false},"excerpt":{"rendered":"","protected":false},"author":1,"featured_media":0,"parent":0,"menu_order":0,"comment_status":"closed","ping_status":"closed","template":"","meta":{"_kad_post_transparent":"","_kad_post_title":"","_kad_post_layout":"","_kad_post_sidebar_id":"","_kad_post_content_style":"","_kad_post_vertical_padding":"","_kad_post_feature":"","_kad_post_feature_position":"","_kad_post_header":false,"_kad_post_footer":false,"_kad_post_classname":"","footnotes":""},"class_list":["post-1230","page","type-page","status-publish","hentry"],"_links":{"self":[{"href":"https:\/\/kartingelectricsalou.com\/fr\/wp-json\/wp\/v2\/pages\/1230","targetHints":{"allow":["GET"]}}],"collection":[{"href":"https:\/\/kartingelectricsalou.com\/fr\/wp-json\/wp\/v2\/pages"}],"about":[{"href":"https:\/\/kartingelectricsalou.com\/fr\/wp-json\/wp\/v2\/types\/page"}],"author":[{"embeddable":true,"href":"https:\/\/kartingelectricsalou.com\/fr\/wp-json\/wp\/v2\/users\/1"}],"replies":[{"embeddable":true,"href":"https:\/\/kartingelectricsalou.com\/fr\/wp-json\/wp\/v2\/comments?post=1230"}],"version-history":[{"count":31,"href":"https:\/\/kartingelectricsalou.com\/fr\/wp-json\/wp\/v2\/pages\/1230\/revisions"}],"predecessor-version":[{"id":3669,"href":"https:\/\/kartingelectricsalou.com\/fr\/wp-json\/wp\/v2\/pages\/1230\/revisions\/3669"}],"wp:attachment":[{"href":"https:\/\/kartingelectricsalou.com\/fr\/wp-json\/wp\/v2\/media?parent=1230"}],"curies":[{"name":"wp","href":"https:\/\/api.w.org\/{rel}","templated":true}]}}