{"id":745,"date":"2025-01-15T21:10:47","date_gmt":"2025-01-15T20:10:47","guid":{"rendered":"https:\/\/kartingelectricsalou.com\/karts\/"},"modified":"2025-06-12T16:59:15","modified_gmt":"2025-06-12T14:59:15","slug":"karts","status":"publish","type":"page","link":"https:\/\/kartingelectricsalou.com\/ca\/karts\/","title":{"rendered":"KARTS"},"content":{"rendered":"\n<div class=\"wp-block-cover alignfull herocabecera\" style=\"margin-top:0;margin-bottom:0;min-height:176px;aspect-ratio:unset;\"><video class=\"wp-block-cover__video-background intrinsic-ignore\" autoplay muted loop playsinline src=\"https:\/\/kartingelectricsalou.com\/wp-content\/uploads\/2025\/02\/WhatsApp-Video-2025-02-12-at-11.41.11-1.mp4\" data-object-fit=\"cover\"><\/video><span aria-hidden=\"true\" class=\"wp-block-cover__background has-theme-palette-3-background-color has-background-dim-70 has-background-dim\"><\/span><div class=\"wp-block-cover__inner-container is-layout-constrained wp-block-cover-is-layout-constrained\">\n<p class=\"has-text-align-center\"><\/p>\n<\/div><\/div>\n\n\n\n<div class=\"wp-block-cover alignfull\" style=\"margin-top:0;margin-bottom:0;min-height:430px;aspect-ratio:unset;\"><img loading=\"lazy\" decoding=\"async\" width=\"1200\" height=\"600\" class=\"wp-block-cover__image-background wp-image-110\" alt=\"\" src=\"https:\/\/kartingelectricsalou.com\/wp-content\/uploads\/2025\/01\/fondo2-2.png\" style=\"object-position:50% 0%\" data-object-fit=\"cover\" data-object-position=\"50% 0%\" srcset=\"https:\/\/kartingelectricsalou.com\/wp-content\/uploads\/2025\/01\/fondo2-2.png 1200w, https:\/\/kartingelectricsalou.com\/wp-content\/uploads\/2025\/01\/fondo2-2-600x300.png 600w, https:\/\/kartingelectricsalou.com\/wp-content\/uploads\/2025\/01\/fondo2-2-300x150.png 300w, https:\/\/kartingelectricsalou.com\/wp-content\/uploads\/2025\/01\/fondo2-2-1024x512.png 1024w, https:\/\/kartingelectricsalou.com\/wp-content\/uploads\/2025\/01\/fondo2-2-768x384.png 768w, https:\/\/kartingelectricsalou.com\/wp-content\/uploads\/2025\/01\/fondo2-2-500x250.png 500w, https:\/\/kartingelectricsalou.com\/wp-content\/uploads\/2025\/01\/fondo2-2-800x400.png 800w\" sizes=\"auto, (max-width: 1200px) 100vw, 1200px\" \/><span aria-hidden=\"true\" class=\"wp-block-cover__background has-theme-palette-3-background-color has-background-dim-100 has-background-dim\"><\/span><div class=\"wp-block-cover__inner-container is-layout-constrained wp-block-cover-is-layout-constrained\">\n<div class=\"wp-block-columns are-vertically-aligned-center is-layout-flex wp-container-core-columns-is-layout-9d6595d7 wp-block-columns-is-layout-flex\">\n<div class=\"wp-block-column is-vertically-aligned-center is-layout-flow wp-block-column-is-layout-flow\">\n<div class=\"wp-block-cb-carousel cb-single-slide\" data-slick=\"{&quot;slidesToShow&quot;:1,&quot;slidesToScroll&quot;:1,&quot;speed&quot;:300,&quot;arrows&quot;:true,&quot;dots&quot;:true,&quot;autoplay&quot;:true,&quot;autoplaySpeed&quot;:2000,&quot;infinite&quot;:true,&quot;responsive&quot;:[{&quot;breakpoint&quot;:770,&quot;settings&quot;:{&quot;slidesToShow&quot;:1,&quot;slidesToScroll&quot;:1}}]}\">\n<div class=\"wp-block-cb-slide\">\n<figure class=\"wp-block-image size-full\"><img loading=\"lazy\" decoding=\"async\" width=\"750\" height=\"579\" src=\"https:\/\/kartingelectricsalou.com\/wp-content\/uploads\/2025\/01\/adveo-am2-4.jpg\" alt=\"\" class=\"wp-image-342\" srcset=\"https:\/\/kartingelectricsalou.com\/wp-content\/uploads\/2025\/01\/adveo-am2-4.jpg 750w, https:\/\/kartingelectricsalou.com\/wp-content\/uploads\/2025\/01\/adveo-am2-4-600x463.jpg 600w, https:\/\/kartingelectricsalou.com\/wp-content\/uploads\/2025\/01\/adveo-am2-4-300x232.jpg 300w, https:\/\/kartingelectricsalou.com\/wp-content\/uploads\/2025\/01\/adveo-am2-4-500x386.jpg 500w\" sizes=\"auto, (max-width: 750px) 100vw, 750px\" \/><\/figure>\n<\/div>\n\n\n\n<div class=\"wp-block-cb-slide\">\n<figure class=\"wp-block-image size-full\"><img loading=\"lazy\" decoding=\"async\" width=\"750\" height=\"579\" src=\"https:\/\/kartingelectricsalou.com\/wp-content\/uploads\/2025\/01\/adveo-am2-5.jpg\" alt=\"\" class=\"wp-image-343\" srcset=\"https:\/\/kartingelectricsalou.com\/wp-content\/uploads\/2025\/01\/adveo-am2-5.jpg 750w, https:\/\/kartingelectricsalou.com\/wp-content\/uploads\/2025\/01\/adveo-am2-5-600x463.jpg 600w, https:\/\/kartingelectricsalou.com\/wp-content\/uploads\/2025\/01\/adveo-am2-5-300x232.jpg 300w, https:\/\/kartingelectricsalou.com\/wp-content\/uploads\/2025\/01\/adveo-am2-5-500x386.jpg 500w\" sizes=\"auto, (max-width: 750px) 100vw, 750px\" \/><\/figure>\n<\/div>\n\n\n\n<div class=\"wp-block-cb-slide\">\n<figure class=\"wp-block-image size-full\"><img loading=\"lazy\" decoding=\"async\" width=\"750\" height=\"579\" src=\"https:\/\/kartingelectricsalou.com\/wp-content\/uploads\/2025\/01\/adveo-am2-13.jpg\" alt=\"\" class=\"wp-image-344\" srcset=\"https:\/\/kartingelectricsalou.com\/wp-content\/uploads\/2025\/01\/adveo-am2-13.jpg 750w, https:\/\/kartingelectricsalou.com\/wp-content\/uploads\/2025\/01\/adveo-am2-13-600x463.jpg 600w, https:\/\/kartingelectricsalou.com\/wp-content\/uploads\/2025\/01\/adveo-am2-13-300x232.jpg 300w, https:\/\/kartingelectricsalou.com\/wp-content\/uploads\/2025\/01\/adveo-am2-13-500x386.jpg 500w\" sizes=\"auto, (max-width: 750px) 100vw, 750px\" \/><\/figure>\n<\/div>\n<\/div>\n<\/div>\n\n\n\n<div class=\"wp-block-column is-vertically-aligned-center is-layout-flow wp-block-column-is-layout-flow\">\n<h2 class=\"wp-block-heading has-theme-palette-1-color has-text-color has-link-color has-xxlarge-font-size wp-elements-2dc7ff85caabaef34ad9d3be7db78a03\">AM2 EL\u00c8CTRIC<\/h2>\n\n\n\n<h3 class=\"wp-block-heading has-theme-palette-3-color has-theme-palette-9-background-color has-text-color has-background has-link-color has-medium-font-size wp-elements-0c175276288ddea28d9cfc2e14e08aba\" style=\"margin-top:1.2rem;margin-right:0;margin-bottom:1.2rem;margin-left:0;padding-top:0;padding-right:var(--wp--preset--spacing--30);padding-bottom:0;padding-left:var(--wp--preset--spacing--30);text-transform:uppercase\">L&#8217;equilibri perfecte entre esportivitat i funcionalitat.<\/h3>\n\n\n\n<p class=\"has-theme-palette-9-color has-text-color has-link-color has-medium-font-size wp-elements-6993076d09f14db48ecf678d1b29635c\"><strong>Pensat i creat per ser el segurament el millor Kart El\u00e8ctric del m\u00f3n.<\/strong><\/p>\n\n\n\n<p class=\"has-theme-palette-9-color has-text-color has-link-color has-medium-font-size wp-elements-edb1296ba4bcaa097af62839e4aafb6d\">Amb un innovador sistema de propulsi\u00f3 100% el\u00e8ctric, aquest deriva dels vehicles el\u00e8ctrics de competici\u00f3. Equipats amb fins a 3 mapes de pot\u00e8ncia (V1, V2, V3) i un sistema de seguretat amb control d&#8217;aturada remot, fa un salt tecnol\u00f2gic enorme, permetent unes velocitats i temps de c\u00e0rrega nous fins ara.<\/p>\n<\/div>\n<\/div>\n<\/div><\/div>\n\n\n\n<div class=\"wp-block-cover alignfull has-theme-palette-9-color has-text-color has-link-color wp-elements-a1d281415d1107128e274aa8aea85a66\" style=\"margin-top:0;margin-bottom:0;min-height:430px;aspect-ratio:unset;\"><img loading=\"lazy\" decoding=\"async\" width=\"1200\" height=\"600\" class=\"wp-block-cover__image-background wp-image-124\" alt=\"\" src=\"https:\/\/kartingelectricsalou.com\/wp-content\/uploads\/2025\/01\/fondonegro.png\" data-object-fit=\"cover\" srcset=\"https:\/\/kartingelectricsalou.com\/wp-content\/uploads\/2025\/01\/fondonegro.png 1200w, https:\/\/kartingelectricsalou.com\/wp-content\/uploads\/2025\/01\/fondonegro-600x300.png 600w, https:\/\/kartingelectricsalou.com\/wp-content\/uploads\/2025\/01\/fondonegro-300x150.png 300w, https:\/\/kartingelectricsalou.com\/wp-content\/uploads\/2025\/01\/fondonegro-1024x512.png 1024w, https:\/\/kartingelectricsalou.com\/wp-content\/uploads\/2025\/01\/fondonegro-768x384.png 768w, https:\/\/kartingelectricsalou.com\/wp-content\/uploads\/2025\/01\/fondonegro-500x250.png 500w, https:\/\/kartingelectricsalou.com\/wp-content\/uploads\/2025\/01\/fondonegro-800x400.png 800w\" sizes=\"auto, (max-width: 1200px) 100vw, 1200px\" \/><span aria-hidden=\"true\" class=\"wp-block-cover__background has-theme-palette-4-background-color has-background-dim-100 has-background-dim\"><\/span><div class=\"wp-block-cover__inner-container is-layout-constrained wp-block-cover-is-layout-constrained\">\n<div class=\"wp-block-columns are-vertically-aligned-center is-layout-flex wp-container-core-columns-is-layout-9d6595d7 wp-block-columns-is-layout-flex\">\n<div class=\"wp-block-column is-vertically-aligned-center is-layout-flow wp-block-column-is-layout-flow\">\n<h2 class=\"wp-block-heading has-theme-palette-1-color has-text-color has-link-color has-xxlarge-font-size wp-elements-0a5b49de5fd00a4e50f6ace990ad360b\">AM3 EL\u00c8CTRIC<\/h2>\n\n\n\n<h3 class=\"wp-block-heading has-theme-palette-3-color has-theme-palette-9-background-color has-text-color has-background has-link-color has-medium-font-size wp-elements-4635f5112eafe67192f70d22a87515b4\" style=\"margin-top:1.2rem;margin-right:0;margin-bottom:1.2rem;margin-left:0;padding-top:0;padding-right:var(--wp--preset--spacing--30);padding-bottom:0;padding-left:var(--wp--preset--spacing--30);text-transform:uppercase\"><strong>el kart el\u00e8ctric total<\/strong><\/h3>\n\n\n\n<p class=\"has-theme-palette-9-color has-text-color has-link-color has-medium-font-size wp-elements-499334fbf9d279a9270d4a257bebeed2\">Neix amb la mateixa ess\u00e8ncia que el seu germ\u00e0 gran AM2, per\u00f2 dissenyat i pensat per cobrir un p\u00fablic m\u00e9s ampli. Gr\u00e0cies a 3 posicions diferents al mapa de pot\u00e8ncia (V1, V2, V3) i el f\u00e0cil ajustament del seient, volant i pedals, \u00e9s capa\u00e7 de cobrir al\u00e7ades des de 1,20m fins a 1,90m. <\/p>\n\n\n\n<p>Equipat amb bateria de liti de 51Ah de capacitat, voltatge m\u00e0xim de 58V i 10CV de pot\u00e8ncia. I amb temps de c\u00e0rrega entre el 50% i el 100% del temps d&#8217;\u00fas, en funci\u00f3 del mapa de pot\u00e8ncia escollit. <\/p>\n\n\n\n<p class=\"has-theme-palette-1-color has-text-color has-link-color has-medium-font-size wp-elements-d65b0ade6ae48b5dcf52190f038ea966\"><\/p>\n<\/div>\n\n\n\n<div class=\"wp-block-column is-vertically-aligned-center has-theme-palette-1-color has-text-color has-link-color wp-elements-3feea55bab62c52241fcf48e238e74d8 is-layout-flow wp-block-column-is-layout-flow\">\n<div class=\"wp-block-cb-carousel cb-single-slide\" data-slick=\"{&quot;slidesToShow&quot;:1,&quot;slidesToScroll&quot;:1,&quot;speed&quot;:300,&quot;arrows&quot;:true,&quot;dots&quot;:true,&quot;autoplay&quot;:true,&quot;autoplaySpeed&quot;:2000,&quot;infinite&quot;:true,&quot;responsive&quot;:[{&quot;breakpoint&quot;:769,&quot;settings&quot;:{&quot;slidesToShow&quot;:1,&quot;slidesToScroll&quot;:1}}]}\">\n<div class=\"wp-block-cb-slide\">\n<figure class=\"wp-block-image size-full\"><img loading=\"lazy\" decoding=\"async\" width=\"1024\" height=\"683\" src=\"https:\/\/kartingelectricsalou.com\/wp-content\/uploads\/2025\/01\/AM3-ADVEO-FRONTAL-1-1024x683-1.jpg\" alt=\"\" class=\"wp-image-360\" srcset=\"https:\/\/kartingelectricsalou.com\/wp-content\/uploads\/2025\/01\/AM3-ADVEO-FRONTAL-1-1024x683-1.jpg 1024w, https:\/\/kartingelectricsalou.com\/wp-content\/uploads\/2025\/01\/AM3-ADVEO-FRONTAL-1-1024x683-1-600x400.jpg 600w, https:\/\/kartingelectricsalou.com\/wp-content\/uploads\/2025\/01\/AM3-ADVEO-FRONTAL-1-1024x683-1-300x200.jpg 300w, https:\/\/kartingelectricsalou.com\/wp-content\/uploads\/2025\/01\/AM3-ADVEO-FRONTAL-1-1024x683-1-768x512.jpg 768w, https:\/\/kartingelectricsalou.com\/wp-content\/uploads\/2025\/01\/AM3-ADVEO-FRONTAL-1-1024x683-1-500x333.jpg 500w, https:\/\/kartingelectricsalou.com\/wp-content\/uploads\/2025\/01\/AM3-ADVEO-FRONTAL-1-1024x683-1-800x534.jpg 800w\" sizes=\"auto, (max-width: 1024px) 100vw, 1024px\" \/><\/figure>\n<\/div>\n\n\n\n<div class=\"wp-block-cb-slide\">\n<figure class=\"wp-block-image size-full\"><img loading=\"lazy\" decoding=\"async\" width=\"1024\" height=\"682\" src=\"https:\/\/kartingelectricsalou.com\/wp-content\/uploads\/2025\/01\/AM3-ADVEO-lateral-1024x682-1.jpg\" alt=\"\" class=\"wp-image-361\" srcset=\"https:\/\/kartingelectricsalou.com\/wp-content\/uploads\/2025\/01\/AM3-ADVEO-lateral-1024x682-1.jpg 1024w, https:\/\/kartingelectricsalou.com\/wp-content\/uploads\/2025\/01\/AM3-ADVEO-lateral-1024x682-1-600x400.jpg 600w, https:\/\/kartingelectricsalou.com\/wp-content\/uploads\/2025\/01\/AM3-ADVEO-lateral-1024x682-1-300x200.jpg 300w, https:\/\/kartingelectricsalou.com\/wp-content\/uploads\/2025\/01\/AM3-ADVEO-lateral-1024x682-1-768x512.jpg 768w, https:\/\/kartingelectricsalou.com\/wp-content\/uploads\/2025\/01\/AM3-ADVEO-lateral-1024x682-1-500x333.jpg 500w, https:\/\/kartingelectricsalou.com\/wp-content\/uploads\/2025\/01\/AM3-ADVEO-lateral-1024x682-1-800x533.jpg 800w\" sizes=\"auto, (max-width: 1024px) 100vw, 1024px\" \/><\/figure>\n<\/div>\n\n\n\n<div class=\"wp-block-cb-slide\">\n<figure class=\"wp-block-image size-full\"><img loading=\"lazy\" decoding=\"async\" width=\"1024\" height=\"683\" src=\"https:\/\/kartingelectricsalou.com\/wp-content\/uploads\/2025\/01\/AM3-ADVEO-LATERAL-FRONTAL-1024x683-1.jpg\" alt=\"\" class=\"wp-image-362\" srcset=\"https:\/\/kartingelectricsalou.com\/wp-content\/uploads\/2025\/01\/AM3-ADVEO-LATERAL-FRONTAL-1024x683-1.jpg 1024w, https:\/\/kartingelectricsalou.com\/wp-content\/uploads\/2025\/01\/AM3-ADVEO-LATERAL-FRONTAL-1024x683-1-600x400.jpg 600w, https:\/\/kartingelectricsalou.com\/wp-content\/uploads\/2025\/01\/AM3-ADVEO-LATERAL-FRONTAL-1024x683-1-300x200.jpg 300w, https:\/\/kartingelectricsalou.com\/wp-content\/uploads\/2025\/01\/AM3-ADVEO-LATERAL-FRONTAL-1024x683-1-768x512.jpg 768w, https:\/\/kartingelectricsalou.com\/wp-content\/uploads\/2025\/01\/AM3-ADVEO-LATERAL-FRONTAL-1024x683-1-500x333.jpg 500w, https:\/\/kartingelectricsalou.com\/wp-content\/uploads\/2025\/01\/AM3-ADVEO-LATERAL-FRONTAL-1024x683-1-800x534.jpg 800w\" sizes=\"auto, (max-width: 1024px) 100vw, 1024px\" \/><\/figure>\n<\/div>\n<\/div>\n<\/div>\n<\/div>\n<\/div><\/div>\n\n\n\n<p><\/p>\n","protected":false},"excerpt":{"rendered":"","protected":false},"author":1,"featured_media":0,"parent":0,"menu_order":0,"comment_status":"closed","ping_status":"closed","template":"","meta":{"_kad_post_transparent":"","_kad_post_title":"","_kad_post_layout":"","_kad_post_sidebar_id":"","_kad_post_content_style":"","_kad_post_vertical_padding":"","_kad_post_feature":"","_kad_post_feature_position":"","_kad_post_header":false,"_kad_post_footer":false,"_kad_post_classname":"","footnotes":""},"class_list":["post-745","page","type-page","status-publish","hentry"],"_links":{"self":[{"href":"https:\/\/kartingelectricsalou.com\/ca\/wp-json\/wp\/v2\/pages\/745","targetHints":{"allow":["GET"]}}],"collection":[{"href":"https:\/\/kartingelectricsalou.com\/ca\/wp-json\/wp\/v2\/pages"}],"about":[{"href":"https:\/\/kartingelectricsalou.com\/ca\/wp-json\/wp\/v2\/types\/page"}],"author":[{"embeddable":true,"href":"https:\/\/kartingelectricsalou.com\/ca\/wp-json\/wp\/v2\/users\/1"}],"replies":[{"embeddable":true,"href":"https:\/\/kartingelectricsalou.com\/ca\/wp-json\/wp\/v2\/comments?post=745"}],"version-history":[{"count":10,"href":"https:\/\/kartingelectricsalou.com\/ca\/wp-json\/wp\/v2\/pages\/745\/revisions"}],"predecessor-version":[{"id":2815,"href":"https:\/\/kartingelectricsalou.com\/ca\/wp-json\/wp\/v2\/pages\/745\/revisions\/2815"}],"wp:attachment":[{"href":"https:\/\/kartingelectricsalou.com\/ca\/wp-json\/wp\/v2\/media?parent=745"}],"curies":[{"name":"wp","href":"https:\/\/api.w.org\/{rel}","templated":true}]}}