{"id":1229,"date":"2025-03-06T10:15:48","date_gmt":"2025-03-06T09:15:48","guid":{"rendered":"https:\/\/kartingelectricsalou.com\/on-som\/"},"modified":"2026-04-11T16:33:58","modified_gmt":"2026-04-11T14:33:58","slug":"on-som","status":"publish","type":"page","link":"https:\/\/kartingelectricsalou.com\/ca\/on-som\/","title":{"rendered":"ON SOM"},"content":{"rendered":"\n<div class=\"wp-block-cover alignfull\" style=\"margin-top:0;margin-bottom:0;min-height:297px;aspect-ratio:unset;\"><img loading=\"lazy\" decoding=\"async\" width=\"1422\" height=\"800\" class=\"wp-block-cover__image-background wp-image-153\" alt=\"\" src=\"https:\/\/kartingelectricsalou.com\/wp-content\/uploads\/2025\/01\/electric-karting-salou-mapilife-costa-daurada-1422x800-1.jpeg\" data-object-fit=\"cover\" srcset=\"https:\/\/kartingelectricsalou.com\/wp-content\/uploads\/2025\/01\/electric-karting-salou-mapilife-costa-daurada-1422x800-1.jpeg 1422w, https:\/\/kartingelectricsalou.com\/wp-content\/uploads\/2025\/01\/electric-karting-salou-mapilife-costa-daurada-1422x800-1-600x338.jpeg 600w, https:\/\/kartingelectricsalou.com\/wp-content\/uploads\/2025\/01\/electric-karting-salou-mapilife-costa-daurada-1422x800-1-300x169.jpeg 300w, https:\/\/kartingelectricsalou.com\/wp-content\/uploads\/2025\/01\/electric-karting-salou-mapilife-costa-daurada-1422x800-1-1024x576.jpeg 1024w, https:\/\/kartingelectricsalou.com\/wp-content\/uploads\/2025\/01\/electric-karting-salou-mapilife-costa-daurada-1422x800-1-768x432.jpeg 768w, https:\/\/kartingelectricsalou.com\/wp-content\/uploads\/2025\/01\/electric-karting-salou-mapilife-costa-daurada-1422x800-1-500x281.jpeg 500w, https:\/\/kartingelectricsalou.com\/wp-content\/uploads\/2025\/01\/electric-karting-salou-mapilife-costa-daurada-1422x800-1-800x450.jpeg 800w, https:\/\/kartingelectricsalou.com\/wp-content\/uploads\/2025\/01\/electric-karting-salou-mapilife-costa-daurada-1422x800-1-1280x720.jpeg 1280w\" sizes=\"auto, (max-width: 1422px) 100vw, 1422px\" \/><span aria-hidden=\"true\" class=\"wp-block-cover__background has-background-dim-0 has-background-dim\" style=\"background-color:#6e8392\"><\/span><div class=\"wp-block-cover__inner-container is-layout-constrained wp-block-cover-is-layout-constrained\">\n<p class=\"has-text-align-center has-large-font-size\"><\/p>\n<\/div><\/div>\n\n\n\n<div class=\"wp-block-cover alignfull\" style=\"margin-top:0;margin-bottom:0\"><span aria-hidden=\"true\" class=\"wp-block-cover__background has-theme-palette-3-background-color has-background-dim-100 has-background-dim\"><\/span><div class=\"wp-block-cover__inner-container is-layout-constrained wp-block-cover-is-layout-constrained\">\n<div class=\"wp-block-columns are-vertically-aligned-center is-layout-flex wp-container-core-columns-is-layout-9d6595d7 wp-block-columns-is-layout-flex\">\n<div class=\"wp-block-column is-vertically-aligned-center is-layout-flow wp-block-column-is-layout-flow\">\n<p class=\"has-text-align-center\"><strong>C\/ Merc\u00e8 Rodoreda  2, Salou, 43840 (Tarragona) <\/strong><\/p>\n\n\n\n<hr class=\"wp-block-separator has-alpha-channel-opacity is-style-wide\"\/>\n\n\n\n<p class=\"has-text-align-center\">Tel\u00e8fon: <strong><a href=\"tel:977269405\">977 26 94 05<\/a><\/strong><em>  <\/em><em><a href=\"mailto:info@electrickartingsalou.com\"><\/a><em><a href=\"mailto:info@electrickartingsalou.com\">info@kartingelectricsalou.com<\/a><\/em><\/em><\/p>\n\n\n\n<div class=\"wp-block-buttons is-content-justification-center is-layout-flex wp-container-core-buttons-is-layout-16018d1d wp-block-buttons-is-layout-flex\">\n<div class=\"wp-block-button\"><a class=\"wp-block-button__link has-theme-palette-3-color has-text-color has-link-color wp-element-button\" href=\"https:\/\/wa.link\/ntsz9s\" target=\"_blank\" rel=\"noreferrer noopener\">WHATSAPP 686 19 06 35<\/a><\/div>\n\n\n\n<div class=\"wp-block-button\"><a class=\"wp-block-button__link has-theme-palette-3-color has-theme-palette-9-background-color has-text-color has-background has-link-color wp-element-button\">COM ARRIBAR<\/a><\/div>\n<\/div>\n\n\n\n<div class=\"wp-block-group has-theme-palette-4-background-color has-background is-vertical is-nowrap is-layout-flex wp-container-core-group-is-layout-947ac36b wp-block-group-is-layout-flex wp-container-1 is-position-sticky\" style=\"border-radius:21px\">\n<p class=\"has-theme-palette-1-color has-text-color has-link-color wp-elements-b80537c559e6dc031d6b2862c6a08c2b\"><strong>HORARI <\/strong><\/p>\n\n\n\n<p id=\"block-c46da060-32c2-44d6-85cd-28672e017cb9\"><mark style=\"background-color:rgba(0, 0, 0, 0)\" class=\"has-inline-color has-theme-palette-1-color\"><strong>DILLUNS i DIMARTS TANCAT<\/strong><br><\/mark><strong>\u2014\u2014\u2014\u2014\u2014-<\/strong><\/p>\n\n\n\n<p class=\"has-theme-palette-1-color has-text-color has-link-color wp-elements-e176fdc3ad8b1ff815cd230ab43946e8\">DE DIMECRES A DIUMENGE<br><mark style=\"background-color:rgba(0, 0, 0, 0)\" class=\"has-inline-color has-theme-palette-9-color\"><strong>de 10:00 a 14:00 i de 16:00 a 20:00h<\/strong><br><\/mark><\/p>\n\n\n\n<ul class=\"wp-block-list has-small-font-size\">\n<li><strong>IMPORANT: L&#8217;horari de funcionament del k\u00e0rting es pot veure modificat per raons climatol\u00f2giques, consulta per tel\u00e8fon o Whatsapp si tens dubtes abans de venir.  <\/strong><\/li>\n<\/ul>\n\n\n\n<p class=\"has-text-align-center has-small-font-size\"><em>Consultar disponibilitat i altres horaris per a esdeveniments i grups<\/em><\/p>\n<\/div>\n<\/div>\n\n\n\n<div class=\"wp-block-column is-vertically-aligned-center is-layout-flow wp-block-column-is-layout-flow\">\n<iframe src=\"https:\/\/www.google.com\/maps\/embed?pb=!1m18!1m12!1m3!1d3668.556633402999!2d1.1487524765082915!3d41.09335341418121!2m3!1f0!2f0!3f0!3m2!1i1024!2i768!4f13.1!3m3!1m2!1s0x12a15994cf203b15%3A0x3f867eb51666bb65!2sKarting%20Electric%20Salou!5e1!3m2!1ses!2sus!4v1744103054856!5m2!1ses!2sus\" width=\"100%\" height=\"450\" style=\"border:0;\" allowfullscreen=\"\" loading=\"lazy\" referrerpolicy=\"no-referrer-when-downgrade\"><\/iframe>\n<\/div>\n<\/div>\n<\/div><\/div>\n\n\n\n<figure class=\"wp-block-image alignfull size-full\" style=\"margin-top:0;margin-right:0;margin-bottom:0;margin-left:0\"><img loading=\"lazy\" decoding=\"async\" width=\"1400\" height=\"52\" src=\"https:\/\/kartingelectricsalou.com\/wp-content\/uploads\/2025\/03\/franjacuadrados-1.png\" alt=\"\" class=\"wp-image-1618\" srcset=\"https:\/\/kartingelectricsalou.com\/wp-content\/uploads\/2025\/03\/franjacuadrados-1.png 1400w, https:\/\/kartingelectricsalou.com\/wp-content\/uploads\/2025\/03\/franjacuadrados-1-300x11.png 300w, https:\/\/kartingelectricsalou.com\/wp-content\/uploads\/2025\/03\/franjacuadrados-1-1024x38.png 1024w, https:\/\/kartingelectricsalou.com\/wp-content\/uploads\/2025\/03\/franjacuadrados-1-768x29.png 768w, https:\/\/kartingelectricsalou.com\/wp-content\/uploads\/2025\/03\/franjacuadrados-1-600x22.png 600w, https:\/\/kartingelectricsalou.com\/wp-content\/uploads\/2025\/03\/franjacuadrados-1-500x19.png 500w, https:\/\/kartingelectricsalou.com\/wp-content\/uploads\/2025\/03\/franjacuadrados-1-800x30.png 800w, https:\/\/kartingelectricsalou.com\/wp-content\/uploads\/2025\/03\/franjacuadrados-1-1280x48.png 1280w\" sizes=\"auto, (max-width: 1400px) 100vw, 1400px\" \/><\/figure>\n","protected":false},"excerpt":{"rendered":"","protected":false},"author":1,"featured_media":0,"parent":0,"menu_order":0,"comment_status":"closed","ping_status":"closed","template":"","meta":{"_kad_post_transparent":"","_kad_post_title":"","_kad_post_layout":"","_kad_post_sidebar_id":"","_kad_post_content_style":"","_kad_post_vertical_padding":"","_kad_post_feature":"","_kad_post_feature_position":"","_kad_post_header":false,"_kad_post_footer":false,"_kad_post_classname":"","footnotes":""},"class_list":["post-1229","page","type-page","status-publish","hentry"],"_links":{"self":[{"href":"https:\/\/kartingelectricsalou.com\/ca\/wp-json\/wp\/v2\/pages\/1229","targetHints":{"allow":["GET"]}}],"collection":[{"href":"https:\/\/kartingelectricsalou.com\/ca\/wp-json\/wp\/v2\/pages"}],"about":[{"href":"https:\/\/kartingelectricsalou.com\/ca\/wp-json\/wp\/v2\/types\/page"}],"author":[{"embeddable":true,"href":"https:\/\/kartingelectricsalou.com\/ca\/wp-json\/wp\/v2\/users\/1"}],"replies":[{"embeddable":true,"href":"https:\/\/kartingelectricsalou.com\/ca\/wp-json\/wp\/v2\/comments?post=1229"}],"version-history":[{"count":29,"href":"https:\/\/kartingelectricsalou.com\/ca\/wp-json\/wp\/v2\/pages\/1229\/revisions"}],"predecessor-version":[{"id":3661,"href":"https:\/\/kartingelectricsalou.com\/ca\/wp-json\/wp\/v2\/pages\/1229\/revisions\/3661"}],"wp:attachment":[{"href":"https:\/\/kartingelectricsalou.com\/ca\/wp-json\/wp\/v2\/media?parent=1229"}],"curies":[{"name":"wp","href":"https:\/\/api.w.org\/{rel}","templated":true}]}}